{"id":216092,"date":"2025-09-10T14:52:39","date_gmt":"2025-09-10T12:52:39","guid":{"rendered":"https:\/\/castillodealmodovar.com\/premios-menciones-y-galardones\/"},"modified":"2025-11-04T13:09:57","modified_gmt":"2025-11-04T12:09:57","slug":"awards-honours-and-distinctions","status":"publish","type":"page","link":"https:\/\/castillodealmodovar.com\/en\/awards-honours-and-distinctions\/","title":{"rendered":"Awards, honours and distinctions"},"content":{"rendered":"\t\t<div data-elementor-type=\"wp-page\" data-elementor-id=\"216092\" class=\"elementor elementor-216092 elementor-212286\">\n\t\t\t\t<div class=\"elementor-element elementor-element-bf05629 e-flex e-con-boxed e-con e-parent\" data-id=\"bf05629\" data-element_type=\"container\" data-settings=\"{&quot;background_background&quot;:&quot;classic&quot;}\">\n\t\t\t\t\t<div class=\"e-con-inner\">\n\t\t<div class=\"elementor-element elementor-element-1d3ca3e e-con-full e-flex e-con e-child\" data-id=\"1d3ca3e\" data-element_type=\"container\" data-settings=\"{&quot;background_background&quot;:&quot;classic&quot;}\">\n\t\t<div class=\"elementor-element elementor-element-c00985b e-con-full e-flex e-con e-child\" data-id=\"c00985b\" data-element_type=\"container\">\n\t\t\t\t<div class=\"elementor-element elementor-element-29b2ed1 elementor-widget-mobile__width-inherit elementor-widget elementor-widget-text-editor\" data-id=\"29b2ed1\" data-element_type=\"widget\" data-widget_type=\"text-editor.default\">\n\t\t\t\t<div class=\"elementor-widget-container\">\n\t\t\t\t\t\t\t\t\t<p>Awards, honours and distinctions<\/p>\t\t\t\t\t\t\t\t<\/div>\n\t\t\t\t<\/div>\n\t\t\t\t<div class=\"elementor-element elementor-element-d097f23 elementor-widget-mobile__width-inherit elementor-widget elementor-widget-text-editor\" data-id=\"d097f23\" data-element_type=\"widget\" data-widget_type=\"text-editor.default\">\n\t\t\t\t<div class=\"elementor-widget-container\">\n\t\t\t\t\t\t\t\t\t<p>1. <strong>2008<\/strong>: Almod\u00f3var Castle is selected as one of the images featured in the NASA calendar.<br \/>2. <strong>2010<\/strong>: Hola magazine. Designs by Juana Mart\u00edn with Arantxa del Sol<br \/>3. <strong>2017<\/strong>: Hola magazine with Eva Morej\u00f3n.<br \/>4. <strong>2018<\/strong>: Vanitatis with Enrique Sol\u00eds Tello<br \/>5. <strong>2019<\/strong>: Trypadvisor Travellers&#8217; Choice Awards 2019<br \/>6. <strong>2022<\/strong>: Winner Spain 2022. Remarkable Venue Awards from the Tiqets platform<br \/>7. S<strong>eptember 2023<\/strong>: One of the best castles in Spain according to Hola Viajes<br \/>8. <strong>December 2024<\/strong>: National Geographic. Recognises Almod\u00f3var Castle as one of the best castles in Andalusia and Spain<br \/>9. <strong>2023<\/strong>. Trypadvisor Travellers&#8217; Choice Awards 2023<br \/>10. <strong>2024<\/strong>. Trypadvisor Travellers&#8217; Choice Awards 2024<br \/>11. <strong>2025<\/strong>. Woman and Power Award 2025 in Tourism to Ms Roc\u00edo Ace\u00f1a<\/p>\t\t\t\t\t\t\t\t<\/div>\n\t\t\t\t<\/div>\n\t\t\t\t<div class=\"elementor-element elementor-element-2fc538f elementor-widget-mobile__width-inherit elementor-widget elementor-widget-text-editor\" data-id=\"2fc538f\" data-element_type=\"widget\" data-widget_type=\"text-editor.default\">\n\t\t\t\t<div class=\"elementor-widget-container\">\n\t\t\t\t\t\t\t\t\t<p>Photo shoots<\/p>\t\t\t\t\t\t\t\t<\/div>\n\t\t\t\t<\/div>\n\t\t\t\t<div class=\"elementor-element elementor-element-c7bf2be elementor-widget-mobile__width-inherit elementor-widget elementor-widget-text-editor\" data-id=\"c7bf2be\" data-element_type=\"widget\" data-widget_type=\"text-editor.default\">\n\t\t\t\t<div class=\"elementor-widget-container\">\n\t\t\t\t\t\t\t\t\t<p>1. <strong>2024<\/strong> Roc\u00edo Peralta. 2024 Collection Inspiration<\/p>\t\t\t\t\t\t\t\t<\/div>\n\t\t\t\t<\/div>\n\t\t\t\t<\/div>\n\t\t\t\t<\/div>\n\t\t<div class=\"elementor-element elementor-element-19dc300 e-con-full e-flex e-con e-child\" data-id=\"19dc300\" data-element_type=\"container\" data-settings=\"{&quot;background_background&quot;:&quot;classic&quot;}\">\n\t\t\t\t<div class=\"elementor-element elementor-element-4d5e5c8 elementor-widget-mobile__width-inherit elementor-widget elementor-widget-text-editor\" data-id=\"4d5e5c8\" data-element_type=\"widget\" data-widget_type=\"text-editor.default\">\n\t\t\t\t<div class=\"elementor-widget-container\">\n\t\t\t\t\t\t\t\t\t<p>Filming, recording and major events<\/p>\t\t\t\t\t\t\t\t<\/div>\n\t\t\t\t<\/div>\n\t\t\t\t<div class=\"elementor-element elementor-element-2afe99b elementor-widget-mobile__width-inherit elementor-widget elementor-widget-text-editor\" data-id=\"2afe99b\" data-element_type=\"widget\" data-widget_type=\"text-editor.default\">\n\t\t\t\t<div class=\"elementor-widget-container\">\n\t\t\t\t\t\t\t\t\t<p>1. <strong>1964<\/strong> Dardanelles<br \/>2.<strong> 1970<\/strong> Martini advert<br \/>3. <strong>2002<\/strong> Dutch production company Endemol Nederland Film BV. Film \u2018Pipo\u2019 4. 2004. Documentary \u2018Boabdil: the last Moorish king\u2019<br \/>5. <strong>2016<\/strong> Game of Thrones<br \/>6. <strong>2019<\/strong> The Warrior Nun<br \/>7. <strong>2019<\/strong> Commercial advertisement for Budweiser&#8217;s \u2018Bud Light\u2019 beer to be shown during the Super Bowl<br \/>8. <strong>2022<\/strong> Fortnite season finale and season premiere stream 9. 2024: Wololo: El Reinado Final Celebration (Red Bull for Age of Empire)<\/p>\t\t\t\t\t\t\t\t<\/div>\n\t\t\t\t<\/div>\n\t\t\t\t<\/div>\n\t\t\t\t\t<\/div>\n\t\t\t\t<\/div>\n\t\t<div class=\"elementor-element elementor-element-f39009e e-flex e-con-boxed e-con e-parent\" data-id=\"f39009e\" data-element_type=\"container\" data-settings=\"{&quot;background_background&quot;:&quot;classic&quot;}\">\n\t\t\t\t\t<div class=\"e-con-inner\">\n\t\t\t\t<div class=\"elementor-element elementor-element-cc0cf9d elementor-widget__width-inherit elementor-widget-mobile__width-inherit elementor-widget elementor-widget-text-editor\" data-id=\"cc0cf9d\" data-element_type=\"widget\" data-widget_type=\"text-editor.default\">\n\t\t\t\t<div class=\"elementor-widget-container\">\n\t\t\t\t\t\t\t\t\t<p>Do you have any questions?<\/p>\t\t\t\t\t\t\t\t<\/div>\n\t\t\t\t<\/div>\n\t\t\t\t<div class=\"elementor-element elementor-element-c6c64df elementor-widget__width-initial elementor-widget-mobile__width-inherit elementor-widget elementor-widget-text-editor\" data-id=\"c6c64df\" data-element_type=\"widget\" data-widget_type=\"text-editor.default\">\n\t\t\t\t<div class=\"elementor-widget-container\">\n\t\t\t\t\t\t\t\t\t<p>Please contact us if you have any questions about any of our activities<\/p>\t\t\t\t\t\t\t\t<\/div>\n\t\t\t\t<\/div>\n\t\t\t\t<div class=\"elementor-element elementor-element-51e8ceb elementor-widget__width-initial elementor-widget-mobile__width-inherit elementor-widget elementor-widget-shortcode\" data-id=\"51e8ceb\" data-element_type=\"widget\" data-widget_type=\"shortcode.default\">\n\t\t\t\t<div class=\"elementor-widget-container\">\n\t\t\t\t\t\t\t<div class=\"elementor-shortcode\"><div class=\"forminator-ui forminator-custom-form forminator-custom-form-216243 forminator-design--material  forminator_ajax\" data-forminator-render=\"0\" data-form=\"forminator-module-216243\" data-uid=\"69e40a8619e78\"><br\/><\/div><form\n\t\t\t\tid=\"forminator-module-216243\"\n\t\t\t\tclass=\"forminator-ui forminator-custom-form forminator-custom-form-216243 forminator-design--material  forminator_ajax\"\n\t\t\t\tmethod=\"post\"\n\t\t\t\tdata-forminator-render=\"0\"\n\t\t\t\tdata-form-id=\"216243\"\n\t\t\t\t data-color-option=\"theme\" data-design=\"material\" data-grid=\"open\" style=\"display: none;\"\n\t\t\t\tdata-uid=\"69e40a8619e78\"\n\t\t\t><div role=\"alert\" aria-live=\"polite\" class=\"forminator-response-message forminator-error\" aria-hidden=\"true\"><\/div><div class=\"forminator-row\"><div id=\"name-1\" class=\"forminator-field-name forminator-col forminator-col-12 \"><div class=\"forminator-field\"><input type=\"text\" name=\"name-1\" value=\"\" placeholder=\"Full name\" id=\"forminator-field-name-1_69e40a8619e78\" class=\"forminator-input forminator-name--field\" aria-required=\"true\" autocomplete=\"name\" \/><\/div><\/div><\/div><div class=\"forminator-row\"><div id=\"email-1\" class=\"forminator-field-email forminator-col forminator-col-6 \"><div class=\"forminator-field\"><input type=\"email\" name=\"email-1\" value=\"\" placeholder=\"Email\" id=\"forminator-field-email-1_69e40a8619e78\" class=\"forminator-input forminator-email--field\" data-required=\"1\" aria-required=\"true\" autocomplete=\"email\" \/><\/div><\/div><div id=\"phone-1\" class=\"forminator-field-phone forminator-col forminator-col-6 \"><div class=\"forminator-field\"><input type=\"text\" name=\"phone-1\" value=\"\" placeholder=\"Telephone\" id=\"forminator-field-phone-1_69e40a8619e78\" class=\"forminator-input forminator-field--phone\" data-required=\"1\" aria-required=\"true\" autocomplete=\"off\" \/><\/div><\/div><\/div><div class=\"forminator-row\"><div id=\"select-1\" class=\"forminator-field-select forminator-col forminator-col-12 \"><div class=\"forminator-field\"><label for=\"forminator-form-216243__field--select-1_69e40a8619e78\" id=\"forminator-form-216243__field--select-1_69e40a8619e78-label\" class=\"forminator-label\">Select an activity <span class=\"forminator-required\">*<\/span><\/label><select  id=\"forminator-form-216243__field--select-1_69e40a8619e78\" class=\"forminator-select--field forminator-select2 forminator-select2-multiple\" data-required=\"1\" name=\"select-1\" data-default-value=\"one\" data-hidden-behavior=\"zero\" data-placeholder=\"Please select an option\" data-search=\"false\" data-search-placeholder=\"Please select an option\" data-checkbox=\"false\" data-allow-clear=\"false\" aria-labelledby=\"forminator-form-216243__field--select-1_69e40a8619e78-label\"><option value=\"\"  >Please select an option<\/option><option value=\"one\" selected=\"selected\" data-calculation=\"0\">Medieval Day<\/option><option value=\"two\"  data-calculation=\"0\">Luna Negra<\/option><option value=\"Visita-Guiada-Teatralizada\"  data-calculation=\"0\">Medieval Lunch<\/option><option value=\"Visita-Guiada-Cultural\"  data-calculation=\"0\">Medieval Combat<\/option><\/select><\/div><\/div><\/div><div class=\"forminator-row\"><div id=\"textarea-1\" class=\"forminator-field-textarea forminator-col forminator-col-12 \"><div class=\"forminator-field\"><textarea name=\"textarea-1\" placeholder=\"Message\" id=\"forminator-field-textarea-1_69e40a8619e78\" class=\"forminator-textarea\" rows=\"6\" style=\"min-height:50px;\" ><\/textarea><\/div><\/div><\/div><div class=\"forminator-row\"><div id=\"captcha-1\" class=\"forminator-field-captcha forminator-col forminator-col-12 \"><div class=\"forminator-captcha-left forminator-g-recaptcha\" data-theme=\"light\"  data-sitekey=\"6Leqq_sqAAAAAKa29C34nt9rT09hx5tZX_kvOCux\" data-size=\"normal\"><\/div> <\/div><\/div><div class=\"forminator-row\"><div id=\"consent-1\" class=\"forminator-field-consent forminator-col forminator-col-12 \"><div class=\"forminator-field\"><div class=\"forminator-checkbox__wrapper\"><label id=\"forminator-field-consent-1_69e40a8619e78__label\" class=\"forminator-checkbox forminator-consent\" aria-labelledby=\"forminator-field-consent-1_69e40a8619e78-label\"><input type=\"checkbox\" name=\"consent-1\" id=\"forminator-field-consent-1_69e40a8619e78\" value=\"checked\" aria-labelledby=\"forminator-field-consent-1_69e40a8619e78-label\" aria-describedby=\"forminator-field-consent-1_69e40a8619e78__description\" data-required=\"true\" aria-required=\"true\" \/><span class=\"forminator-checkbox-box\" aria-hidden=\"true\"><\/span><\/label><div id=\"forminator-field-consent-1_69e40a8619e78__description\" class=\"forminator-checkbox__label forminator-consent__label\"><p>Yes, I agree to the <a href=\"https:\/\/castillodealmodovar.com\/en\/privacy-policy\/\">privacy policy<\/a> and g<a href=\"https:\/\/castillodealmodovar.com\/en\/general-terms-and-conditions\/\">eneral terms and conditions<\/a>.<\/p><\/div><\/div><\/div><\/div><\/div><input type=\"hidden\" name=\"referer_url\" value=\"\" \/><div class=\"forminator-row forminator-row-last\"><div class=\"forminator-col\"><div class=\"forminator-field\"><button class=\"forminator-button forminator-button-submit\"><span>Submit<\/span><span aria-hidden=\"true\"><\/span><\/button><\/div><\/div><\/div><input type=\"hidden\" id=\"forminator_nonce\" name=\"forminator_nonce\" value=\"09dca6067a\" \/><input type=\"hidden\" name=\"_wp_http_referer\" value=\"\/en\/wp-json\/wp\/v2\/pages\/216092\" \/><input type=\"hidden\" name=\"form_id\" value=\"216243\"><input type=\"hidden\" name=\"page_id\" value=\"216092\"><input type=\"hidden\" name=\"form_type\" value=\"default\"><input type=\"hidden\" name=\"current_url\" value=\"https:\/\/castillodealmodovar.com\/en\/awards-honours-and-distinctions\/\"><input type=\"hidden\" name=\"render_id\" value=\"0\"><input type=\"hidden\" name=\"action\" value=\"forminator_submit_form_custom-forms\"><\/form><\/div>\n\t\t\t\t\t\t<\/div>\n\t\t\t\t<\/div>\n\t\t\t\t\t<\/div>\n\t\t\t\t<\/div>\n\t\t\t\t<\/div>\n\t\t","protected":false},"excerpt":{"rendered":"<p>Awards, honours and distinctions 1. 2008: Almod\u00f3var Castle is selected as one of the images featured in the NASA calendar.2. 2010: Hola magazine. Designs by Juana Mart\u00edn with Arantxa del Sol3. 2017: Hola magazine with Eva Morej\u00f3n.4. 2018: Vanitatis with Enrique Sol\u00eds Tello5. 2019: Trypadvisor Travellers&#8217; Choice Awards 20196. 2022: Winner Spain 2022. Remarkable Venue [&hellip;]<\/p>\n","protected":false},"author":1651,"featured_media":0,"parent":0,"menu_order":0,"comment_status":"closed","ping_status":"closed","template":"","meta":{"_acf_changed":false,"_mc_calendar":[],"footnotes":""},"class_list":["post-216092","page","type-page","status-publish","hentry"],"blocksy_meta":[],"acf":[],"yoast_head":"<!-- This site is optimized with the Yoast SEO plugin v27.0 - https:\/\/yoast.com\/product\/yoast-seo-wordpress\/ -->\n<title>Awards, honours and distinctions - Castillo de Almod\u00f3var<\/title>\n<meta name=\"robots\" content=\"index, follow, max-snippet:-1, max-image-preview:large, max-video-preview:-1\" \/>\n<link rel=\"canonical\" href=\"https:\/\/castillodealmodovar.com\/en\/awards-honours-and-distinctions\/\" \/>\n<meta property=\"og:locale\" content=\"en_US\" \/>\n<meta property=\"og:type\" content=\"article\" \/>\n<meta property=\"og:title\" content=\"Awards, honours and distinctions - Castillo de Almod\u00f3var\" \/>\n<meta property=\"og:description\" content=\"Awards, honours and distinctions 1. 2008: Almod\u00f3var Castle is selected as one of the images featured in the NASA calendar.2. 2010: Hola magazine. Designs by Juana Mart\u00edn with Arantxa del Sol3. 2017: Hola magazine with Eva Morej\u00f3n.4. 2018: Vanitatis with Enrique Sol\u00eds Tello5. 2019: Trypadvisor Travellers&#8217; Choice Awards 20196. 2022: Winner Spain 2022. Remarkable Venue [&hellip;]\" \/>\n<meta property=\"og:url\" content=\"https:\/\/castillodealmodovar.com\/en\/awards-honours-and-distinctions\/\" \/>\n<meta property=\"og:site_name\" content=\"Castillo de Almod\u00f3var\" \/>\n<meta property=\"article:modified_time\" content=\"2025-11-04T12:09:57+00:00\" \/>\n<meta name=\"twitter:card\" content=\"summary_large_image\" \/>\n<meta name=\"twitter:label1\" content=\"Est. reading time\" \/>\n\t<meta name=\"twitter:data1\" content=\"2 minutes\" \/>\n<script type=\"application\/ld+json\" class=\"yoast-schema-graph\">{\"@context\":\"https:\/\/schema.org\",\"@graph\":[{\"@type\":\"WebPage\",\"@id\":\"https:\/\/castillodealmodovar.com\/en\/awards-honours-and-distinctions\/\",\"url\":\"https:\/\/castillodealmodovar.com\/en\/awards-honours-and-distinctions\/\",\"name\":\"Awards, honours and distinctions - Castillo de Almod\u00f3var\",\"isPartOf\":{\"@id\":\"https:\/\/castillodealmodovar.com\/#website\"},\"datePublished\":\"2025-09-10T12:52:39+00:00\",\"dateModified\":\"2025-11-04T12:09:57+00:00\",\"breadcrumb\":{\"@id\":\"https:\/\/castillodealmodovar.com\/en\/awards-honours-and-distinctions\/#breadcrumb\"},\"inLanguage\":\"en-US\",\"potentialAction\":[{\"@type\":\"ReadAction\",\"target\":[\"https:\/\/castillodealmodovar.com\/en\/awards-honours-and-distinctions\/\"]}]},{\"@type\":\"BreadcrumbList\",\"@id\":\"https:\/\/castillodealmodovar.com\/en\/awards-honours-and-distinctions\/#breadcrumb\",\"itemListElement\":[{\"@type\":\"ListItem\",\"position\":1,\"name\":\"Portada\",\"item\":\"https:\/\/castillodealmodovar.com\/\"},{\"@type\":\"ListItem\",\"position\":2,\"name\":\"Awards, honours and distinctions\"}]},{\"@type\":\"WebSite\",\"@id\":\"https:\/\/castillodealmodovar.com\/#website\",\"url\":\"https:\/\/castillodealmodovar.com\/\",\"name\":\"Castillo de Almod\u00f3var\",\"description\":\"Informaci\u00f3n y venta de entradas\",\"publisher\":{\"@id\":\"https:\/\/castillodealmodovar.com\/#organization\"},\"potentialAction\":[{\"@type\":\"SearchAction\",\"target\":{\"@type\":\"EntryPoint\",\"urlTemplate\":\"https:\/\/castillodealmodovar.com\/?s={search_term_string}\"},\"query-input\":{\"@type\":\"PropertyValueSpecification\",\"valueRequired\":true,\"valueName\":\"search_term_string\"}}],\"inLanguage\":\"en-US\"},{\"@type\":\"Organization\",\"@id\":\"https:\/\/castillodealmodovar.com\/#organization\",\"name\":\"Castillo de Almod\u00f3var\",\"url\":\"https:\/\/castillodealmodovar.com\/\",\"logo\":{\"@type\":\"ImageObject\",\"inLanguage\":\"en-US\",\"@id\":\"https:\/\/castillodealmodovar.com\/#\/schema\/logo\/image\/\",\"url\":\"https:\/\/castillodealmodovar.com\/wp-content\/uploads\/2025\/08\/logo-header-negro.png\",\"contentUrl\":\"https:\/\/castillodealmodovar.com\/wp-content\/uploads\/2025\/08\/logo-header-negro.png\",\"width\":508,\"height\":61,\"caption\":\"Castillo de Almod\u00f3var\"},\"image\":{\"@id\":\"https:\/\/castillodealmodovar.com\/#\/schema\/logo\/image\/\"}}]}<\/script>\n<!-- \/ Yoast SEO plugin. -->","yoast_head_json":{"title":"Awards, honours and distinctions - Castillo de Almod\u00f3var","robots":{"index":"index","follow":"follow","max-snippet":"max-snippet:-1","max-image-preview":"max-image-preview:large","max-video-preview":"max-video-preview:-1"},"canonical":"https:\/\/castillodealmodovar.com\/en\/awards-honours-and-distinctions\/","og_locale":"en_US","og_type":"article","og_title":"Awards, honours and distinctions - Castillo de Almod\u00f3var","og_description":"Awards, honours and distinctions 1. 2008: Almod\u00f3var Castle is selected as one of the images featured in the NASA calendar.2. 2010: Hola magazine. Designs by Juana Mart\u00edn with Arantxa del Sol3. 2017: Hola magazine with Eva Morej\u00f3n.4. 2018: Vanitatis with Enrique Sol\u00eds Tello5. 2019: Trypadvisor Travellers&#8217; Choice Awards 20196. 2022: Winner Spain 2022. Remarkable Venue [&hellip;]","og_url":"https:\/\/castillodealmodovar.com\/en\/awards-honours-and-distinctions\/","og_site_name":"Castillo de Almod\u00f3var","article_modified_time":"2025-11-04T12:09:57+00:00","twitter_card":"summary_large_image","twitter_misc":{"Est. reading time":"2 minutes"},"schema":{"@context":"https:\/\/schema.org","@graph":[{"@type":"WebPage","@id":"https:\/\/castillodealmodovar.com\/en\/awards-honours-and-distinctions\/","url":"https:\/\/castillodealmodovar.com\/en\/awards-honours-and-distinctions\/","name":"Awards, honours and distinctions - Castillo de Almod\u00f3var","isPartOf":{"@id":"https:\/\/castillodealmodovar.com\/#website"},"datePublished":"2025-09-10T12:52:39+00:00","dateModified":"2025-11-04T12:09:57+00:00","breadcrumb":{"@id":"https:\/\/castillodealmodovar.com\/en\/awards-honours-and-distinctions\/#breadcrumb"},"inLanguage":"en-US","potentialAction":[{"@type":"ReadAction","target":["https:\/\/castillodealmodovar.com\/en\/awards-honours-and-distinctions\/"]}]},{"@type":"BreadcrumbList","@id":"https:\/\/castillodealmodovar.com\/en\/awards-honours-and-distinctions\/#breadcrumb","itemListElement":[{"@type":"ListItem","position":1,"name":"Portada","item":"https:\/\/castillodealmodovar.com\/"},{"@type":"ListItem","position":2,"name":"Awards, honours and distinctions"}]},{"@type":"WebSite","@id":"https:\/\/castillodealmodovar.com\/#website","url":"https:\/\/castillodealmodovar.com\/","name":"Castillo de Almod\u00f3var","description":"Informaci\u00f3n y venta de entradas","publisher":{"@id":"https:\/\/castillodealmodovar.com\/#organization"},"potentialAction":[{"@type":"SearchAction","target":{"@type":"EntryPoint","urlTemplate":"https:\/\/castillodealmodovar.com\/?s={search_term_string}"},"query-input":{"@type":"PropertyValueSpecification","valueRequired":true,"valueName":"search_term_string"}}],"inLanguage":"en-US"},{"@type":"Organization","@id":"https:\/\/castillodealmodovar.com\/#organization","name":"Castillo de Almod\u00f3var","url":"https:\/\/castillodealmodovar.com\/","logo":{"@type":"ImageObject","inLanguage":"en-US","@id":"https:\/\/castillodealmodovar.com\/#\/schema\/logo\/image\/","url":"https:\/\/castillodealmodovar.com\/wp-content\/uploads\/2025\/08\/logo-header-negro.png","contentUrl":"https:\/\/castillodealmodovar.com\/wp-content\/uploads\/2025\/08\/logo-header-negro.png","width":508,"height":61,"caption":"Castillo de Almod\u00f3var"},"image":{"@id":"https:\/\/castillodealmodovar.com\/#\/schema\/logo\/image\/"}}]}},"_links":{"self":[{"href":"https:\/\/castillodealmodovar.com\/en\/wp-json\/wp\/v2\/pages\/216092","targetHints":{"allow":["GET"]}}],"collection":[{"href":"https:\/\/castillodealmodovar.com\/en\/wp-json\/wp\/v2\/pages"}],"about":[{"href":"https:\/\/castillodealmodovar.com\/en\/wp-json\/wp\/v2\/types\/page"}],"author":[{"embeddable":true,"href":"https:\/\/castillodealmodovar.com\/en\/wp-json\/wp\/v2\/users\/1651"}],"replies":[{"embeddable":true,"href":"https:\/\/castillodealmodovar.com\/en\/wp-json\/wp\/v2\/comments?post=216092"}],"version-history":[{"count":10,"href":"https:\/\/castillodealmodovar.com\/en\/wp-json\/wp\/v2\/pages\/216092\/revisions"}],"predecessor-version":[{"id":216263,"href":"https:\/\/castillodealmodovar.com\/en\/wp-json\/wp\/v2\/pages\/216092\/revisions\/216263"}],"wp:attachment":[{"href":"https:\/\/castillodealmodovar.com\/en\/wp-json\/wp\/v2\/media?parent=216092"}],"curies":[{"name":"wp","href":"https:\/\/api.w.org\/{rel}","templated":true}]}}