{"id":216141,"date":"2022-04-18T09:36:24","date_gmt":"2022-04-18T07:36:24","guid":{"rendered":"https:\/\/castillodealmodovar.com\/condiciones-generales-de-contratacion\/"},"modified":"2025-11-03T14:49:28","modified_gmt":"2025-11-03T13:49:28","slug":"general-terms-and-conditions","status":"publish","type":"page","link":"https:\/\/castillodealmodovar.com\/en\/general-terms-and-conditions\/","title":{"rendered":"General Terms and Conditions"},"content":{"rendered":"\t\t<div data-elementor-type=\"wp-page\" data-elementor-id=\"216141\" class=\"elementor elementor-216141 elementor-32\">\n\t\t\t\t<div class=\"elementor-element elementor-element-1f7b9ca1 e-flex e-con-boxed e-con e-parent\" data-id=\"1f7b9ca1\" data-element_type=\"container\">\n\t\t\t\t\t<div class=\"e-con-inner\">\n\t\t<div class=\"elementor-element elementor-element-10bec98 e-con-full e-flex e-con e-child\" data-id=\"10bec98\" data-element_type=\"container\">\n\t\t\t\t<div class=\"elementor-element elementor-element-72a161a elementor-align-left elementor-icon-list--layout-traditional elementor-list-item-link-full_width elementor-widget elementor-widget-icon-list\" data-id=\"72a161a\" data-element_type=\"widget\" data-widget_type=\"icon-list.default\">\n\t\t\t\t<div class=\"elementor-widget-container\">\n\t\t\t\t\t\t\t<ul class=\"elementor-icon-list-items\">\n\t\t\t\t\t\t\t<li class=\"elementor-icon-list-item\">\n\t\t\t\t\t\t\t\t\t\t\t<a href=\"https:\/\/castillodealmodovar.com\/en\/privacy-policy\/\">\n\n\t\t\t\t\t\t\t\t\t\t\t\t<span class=\"elementor-icon-list-icon\">\n\t\t\t\t\t\t\t<svg aria-hidden=\"true\" class=\"e-font-icon-svg e-fas-circle\" viewBox=\"0 0 512 512\" xmlns=\"http:\/\/www.w3.org\/2000\/svg\"><path d=\"M256 8C119 8 8 119 8 256s111 248 248 248 248-111 248-248S393 8 256 8z\"><\/path><\/svg>\t\t\t\t\t\t<\/span>\n\t\t\t\t\t\t\t\t\t\t<span class=\"elementor-icon-list-text\">Privacy Policy<\/span>\n\t\t\t\t\t\t\t\t\t\t\t<\/a>\n\t\t\t\t\t\t\t\t\t<\/li>\n\t\t\t\t\t\t\t\t<li class=\"elementor-icon-list-item\">\n\t\t\t\t\t\t\t\t\t\t\t<a href=\"https:\/\/castillodealmodovar.com\/en\/legal-notice\/\">\n\n\t\t\t\t\t\t\t\t\t\t\t\t<span class=\"elementor-icon-list-icon\">\n\t\t\t\t\t\t\t<svg aria-hidden=\"true\" class=\"e-font-icon-svg e-fas-circle\" viewBox=\"0 0 512 512\" xmlns=\"http:\/\/www.w3.org\/2000\/svg\"><path d=\"M256 8C119 8 8 119 8 256s111 248 248 248 248-111 248-248S393 8 256 8z\"><\/path><\/svg>\t\t\t\t\t\t<\/span>\n\t\t\t\t\t\t\t\t\t\t<span class=\"elementor-icon-list-text\">Legal Notice<\/span>\n\t\t\t\t\t\t\t\t\t\t\t<\/a>\n\t\t\t\t\t\t\t\t\t<\/li>\n\t\t\t\t\t\t\t\t<li class=\"elementor-icon-list-item\">\n\t\t\t\t\t\t\t\t\t\t\t<a href=\"https:\/\/castillodealmodovar.com\/en\/general-terms-and-conditions\/\">\n\n\t\t\t\t\t\t\t\t\t\t\t\t<span class=\"elementor-icon-list-icon\">\n\t\t\t\t\t\t\t<svg aria-hidden=\"true\" class=\"e-font-icon-svg e-fas-circle\" viewBox=\"0 0 512 512\" xmlns=\"http:\/\/www.w3.org\/2000\/svg\"><path d=\"M256 8C119 8 8 119 8 256s111 248 248 248 248-111 248-248S393 8 256 8z\"><\/path><\/svg>\t\t\t\t\t\t<\/span>\n\t\t\t\t\t\t\t\t\t\t<span class=\"elementor-icon-list-text\">General Terms and Conditions<\/span>\n\t\t\t\t\t\t\t\t\t\t\t<\/a>\n\t\t\t\t\t\t\t\t\t<\/li>\n\t\t\t\t\t\t\t\t<li class=\"elementor-icon-list-item\">\n\t\t\t\t\t\t\t\t\t\t\t<a href=\"https:\/\/castillodealmodovar.com\/en\/cancellation-policy\/\">\n\n\t\t\t\t\t\t\t\t\t\t\t\t<span class=\"elementor-icon-list-icon\">\n\t\t\t\t\t\t\t<svg aria-hidden=\"true\" class=\"e-font-icon-svg e-fas-circle\" viewBox=\"0 0 512 512\" xmlns=\"http:\/\/www.w3.org\/2000\/svg\"><path d=\"M256 8C119 8 8 119 8 256s111 248 248 248 248-111 248-248S393 8 256 8z\"><\/path><\/svg>\t\t\t\t\t\t<\/span>\n\t\t\t\t\t\t\t\t\t\t<span class=\"elementor-icon-list-text\">Cancellation Policy<\/span>\n\t\t\t\t\t\t\t\t\t\t\t<\/a>\n\t\t\t\t\t\t\t\t\t<\/li>\n\t\t\t\t\t\t\t\t<li class=\"elementor-icon-list-item\">\n\t\t\t\t\t\t\t\t\t\t\t<a href=\"https:\/\/castillodealmodovar.com\/en\/cookies-policy\/\">\n\n\t\t\t\t\t\t\t\t\t\t\t\t<span class=\"elementor-icon-list-icon\">\n\t\t\t\t\t\t\t<svg aria-hidden=\"true\" class=\"e-font-icon-svg e-fas-circle\" viewBox=\"0 0 512 512\" xmlns=\"http:\/\/www.w3.org\/2000\/svg\"><path d=\"M256 8C119 8 8 119 8 256s111 248 248 248 248-111 248-248S393 8 256 8z\"><\/path><\/svg>\t\t\t\t\t\t<\/span>\n\t\t\t\t\t\t\t\t\t\t<span class=\"elementor-icon-list-text\">Cookies Policy<\/span>\n\t\t\t\t\t\t\t\t\t\t\t<\/a>\n\t\t\t\t\t\t\t\t\t<\/li>\n\t\t\t\t\t\t\t\t<li class=\"elementor-icon-list-item\">\n\t\t\t\t\t\t\t\t\t\t\t<a href=\"https:\/\/ec.europa.eu\/consumers\/odr\/main\/?event=main.help.new&#038;lng=ES\" target=\"_blank\">\n\n\t\t\t\t\t\t\t\t\t\t\t\t<span class=\"elementor-icon-list-icon\">\n\t\t\t\t\t\t\t<svg aria-hidden=\"true\" class=\"e-font-icon-svg e-fas-circle\" viewBox=\"0 0 512 512\" xmlns=\"http:\/\/www.w3.org\/2000\/svg\"><path d=\"M256 8C119 8 8 119 8 256s111 248 248 248 248-111 248-248S393 8 256 8z\"><\/path><\/svg>\t\t\t\t\t\t<\/span>\n\t\t\t\t\t\t\t\t\t\t<span class=\"elementor-icon-list-text\">Dispute resolution<\/span>\n\t\t\t\t\t\t\t\t\t\t\t<\/a>\n\t\t\t\t\t\t\t\t\t<\/li>\n\t\t\t\t\t\t<\/ul>\n\t\t\t\t\t\t<\/div>\n\t\t\t\t<\/div>\n\t\t\t\t<\/div>\n\t\t\t\t<div class=\"elementor-element elementor-element-23c06b7d elementor-widget elementor-widget-text-editor\" data-id=\"23c06b7d\" data-element_type=\"widget\" data-widget_type=\"text-editor.default\">\n\t\t\t\t<div class=\"elementor-widget-container\">\n\t\t\t\t\t\t\t\t\t<h2 class=\"wp-block-heading\">0. PURPOSE<\/h2><p>These General Terms and Conditions govern the purchase of services offered on the website https:\/\/castillodealmodovar.com, owned by ABECERA SL (hereinafter, CASTILLO DE ALMODOVAR).<\/p><p>The purchase of any of the services implies full and unreserved acceptance of each and every one of the General Terms and Conditions indicated, without prejudice to the acceptance of any Specific Terms and Conditions that may apply when purchasing certain services.<\/p><p>These General Terms and Conditions may be modified without prior notice, therefore, it is advisable to read their content carefully before proceeding with the purchase of any of the services offered.<\/p><h2 class=\"wp-block-heading\">1. IDENTIFICATION<\/h2><p>CASTILLO DE ALMODOVAR, in compliance with Law 34\/2002, of 11 July, on Information Society Services and Electronic Commerce, informs you that:<\/p><ul><li>Its corporate name is: ABECERA SL.<\/li><li>Its trade name is: CASTILLO DE ALMODOVAR.<\/li><li>Its Tax Identification Number is: B41231838.<\/li><li>Its registered office is at: C\/ CANALEJAS, 22, 5\u00ba \u2013 41001 SEVILLE (SPAIN).<\/li><li>It is registered in the Mercantile Registry of SEVILLE \u2022 Mercantile Registry of Seville, page S16219, volume 3587, folio 197.<\/li><\/ul><h2 class=\"wp-block-heading\">2. COMMUNICATIONS<\/h2><p>To contact us, we provide you with various means of contact, which are detailed below:<\/p><ul><li>Telephone: 957634055.<\/li><li>Email: castillo@castillodealmodovar.com.<\/li><li>Postal address: C\/ CANALEJAS, 22, 5\u00ba, 41001, SEVILLE.<\/li><\/ul><p>All notifications and communications between users and CASTILLO DE ALMODOVAR shall be considered effective, for all purposes, when made through any of the means detailed above.<\/p><h2 class=\"wp-block-heading\">3. SERVICES<\/h2><p>The services offered, together with their main characteristics and prices, are displayed on screen.<\/p><p>CASTILLO DE ALMODOVAR reserves the right to decide, at any time, which products and\/or services are offered to Customers. CASTILLO DE ALMODOVAR may therefore add new products and\/or services to those currently offered at any time. Likewise, CASTILLO DE ALMODOVAR reserves the right to withdraw or cease offering, at any time and without prior notice, any of the services offered.<\/p><p>Once inside https:\/\/castillodealmodovar.com, and in order to access the contracting of the various services, the User must follow all the instructions indicated in the purchase process, which will involve reading and accepting all the general and specific conditions set out in https:\/\/castillodealmodovar.com.<\/p><h2 class=\"wp-block-heading\">4. AVAILABILITY AND SUBSTITUTIONS<br \/>SERVICES<\/h2><p>For the provision of services, CASTILLO DE ALMODOVAR will provide access as follows: To contract the service, contact details must be provided.<\/p><p>CASTILLO DE ALMODOVAR shall not be liable for any damages that may be caused to said USER as a result of failures or disconnections in the telecommunications networks that cause the suspension, cancellation or interruption of the service of https:\/\/castillodealmodovar.com during the provision thereof.<\/p><h2 class=\"wp-block-heading\">5. PURCHASE AND\/OR CONTRACTING PROCESS<\/h2><p>To make any purchase on https:\/\/castillodealmodovar.com, the customer must be of legal age.<\/p><p>The steps to follow to make a purchase are:<\/p><ol><li>Provide contact details.<\/li><li>Fill in the required fields for contracting the service.<\/li><li>Indicate if you want an invoice.<\/li><li>Select payment method.<\/li><li>Notification of purchase to the customer.<\/li><\/ol><p>It is also recommended that the customer print and\/or save a copy of the terms and conditions of sale on a durable medium when placing their order, as well as the receipt sent by CASTILLO DE ALMODOVAR by email.<\/p><h3 class=\"wp-block-heading\">INVOICING<\/h3><p>You will receive the corresponding invoice with your order. This invoice will be sent after the order has been placed.<\/p><h3><strong>COMMENTS<\/strong><\/h3><p>The customer will receive the paper invoice on the same day at the ticket office.<\/p><h2 class=\"wp-block-heading\">6. CONFIRMATION OF RESERVATIONS AND CANCELLATIONS<\/h2><h3 class=\"wp-block-heading\">CONFIRMATION OF RESERVATIONS<\/h3><p>Given the wide variety of activities that take place at the venue (film shoots, private and sporting events, private visits, school visits, groups, etc.) and the need to coordinate them, reservations made more than one month in advance will be confirmed at least one month before the scheduled date, once the Castle&#8217;s activity plan has been confirmed.<\/p><p>If the visit cannot take place on the date initially pre-booked, for reasons attributable to Almodovar Castle, a new date will be sought by mutual agreement or the amount will be refunded, at the customer&#8217;s discretion.<\/p><p>Similarly, the customer may cancel at least one month in advance without penalty. Failure to comply with this cancellation period will result in the loss of any amounts paid.<\/p><p>Confirmed pre-bookings may only be cancelled for reasons of force majeure.<\/p><p>CANCELACIONES<\/p><p>Las pre &#8211; reservas de fecha ser\u00e1n confirmadas al cliente con al menos un mes de antelaci\u00f3n, una vez conocido el calendario definitivo de actividades del Castillo.<\/p><p>En caso de que la visita no pudiese ser efectuada en la fecha inicialmente pre &#8211; reservada, por causa imputable al Castillo de Almodovar, se proceder\u00e1, de com\u00fan acuerdo, a la b\u00fasqueda de una nueva fecha o la devoluci\u00f3n del importe, a elecci\u00f3n del cliente.<\/p><p>Igualmente, el cliente podr\u00e1 cancelar con al menos 3 d\u00edas de antelaci\u00f3n (en el caso de visita no guiada, visita guiada cultural, visita guiada teatralizada, Jornadas medievales o Luna Negra) o 14 d\u00edas (en el caso de almuerzo medieval), sin penalizaci\u00f3n alguna. El incumplimiento de este plazo de cancelaci\u00f3n conllevar\u00e1 la p\u00e9rdida de las cantidades abonadas<\/p><p>En el caso de las visitas escolares,\u00a0el colegio podr\u00e1 cancelar con al menos un mes de antelaci\u00f3n, sin penalizaci\u00f3n alguna. Este plazo no ser\u00e1 aplicable cuando la cancelaci\u00f3n obedezca a motivos meteorol\u00f3gicos o que impidan la realizaci\u00f3n de la actividad. El incumplimiento de este plazo de cancelaci\u00f3n conllevar\u00e1 el pago de un importe de 420 \u20ac, correspondientes a 30 alumnos.<\/p><p>Las pre &#8211; reservas confirmadas s\u00f3lo podr\u00e1n ser objeto de anulaci\u00f3n por causa de fuerza mayor.<\/p><p>M\u00e1s informaci\u00f3n sobre pol\u00edtica de cancelaciones en esta p\u00e1gina: <a href=\"https:\/\/castillodealmodovar.com\/reembolso_devoluciones\/\">pol\u00edtica de cancelaci\u00f3n<\/a>.<\/p><h2 class=\"wp-block-heading\">10. RESERVATION OF THE RIGHT OF ADMISSION<\/h2><h3 class=\"wp-block-heading\">The right of admission to the facilities is reserved under the following conditions<\/h3><p class=\"wp-block-heading\">\u2013 When the established capacity has been reached by users already inside the premises, enclosure or establishment.<\/p><p>\u2013 When the establishment&#8217;s closing time has been exceeded.<\/p><p>\u2013 When the person seeking to enter the establishment has not paid the entrance fee or ticket price, where applicable.<\/p><p>\u2013 When the person seeking to enter the establishment, or who is inside it, displays violent attitudes or behaviour, in particular when they behave aggressively or cause disturbances.<\/p><p>\u2013 When the person seeking access is carrying weapons or objects that could be used as such, unless, in accordance with the provisions of the specific regulations applicable at any given time, they are members of the security forces or private security guards employed by private security companies registered to carry out such activities and are accessing the establishment in the course of their duties.<\/p><p>\u2013 When attendees wear clothing or symbols that incite violence, racism or xenophobia.<\/p><p>\u2013 When the person seeking access causes dangerous situations or disturbances to other attendees or to the property, or does not meet hygiene requirements. In particular, access to or, where applicable, continued presence in the establishment will be denied to those who are consuming drugs, narcotic or psychotropic substances, or show signs of having consumed them, and those who show obvious signs or behaviour of being intoxicated.<\/p><p>\u2013 In the case of persons who have deliberately behaved in a manner that is harmful to the Castle and its staff.<\/p><h2 class=\"wp-block-heading\">11. APPLICABLE LEGISLATION<\/h2><p>These terms and conditions shall be governed by current Spanish legislation. The language used shall be Spanish.<\/p><h3 class=\"wp-block-heading\">Complaints Form<\/h3><p>Download the complaints form <a href=\"https:\/\/castillodealmodovar.com\/wp-content\/uploads\/2024\/05\/FORMULARIO-DE-RECLAMACIONES.pdf\" target=\"_blank\" rel=\"noreferrer noopener\">here<\/a>.<\/p>\t\t\t\t\t\t\t\t<\/div>\n\t\t\t\t<\/div>\n\t\t\t\t\t<\/div>\n\t\t\t\t<\/div>\n\t\t\t\t<\/div>\n\t\t","protected":false},"excerpt":{"rendered":"<p>Privacy Policy Legal Notice General Terms and Conditions Cancellation Policy Cookies Policy Dispute resolution 0. PURPOSE These General Terms and Conditions govern the purchase of services offered on the website https:\/\/castillodealmodovar.com, owned by ABECERA SL (hereinafter, CASTILLO DE ALMODOVAR). The purchase of any of the services implies full and unreserved acceptance of each and every [&hellip;]<\/p>\n","protected":false},"author":1,"featured_media":0,"parent":0,"menu_order":0,"comment_status":"closed","ping_status":"closed","template":"","meta":{"_acf_changed":false,"_mc_calendar":[],"footnotes":""},"class_list":["post-216141","page","type-page","status-publish","hentry"],"blocksy_meta":{"styles_descriptor":{"styles":{"desktop":"","tablet":"","mobile":""},"google_fonts":[],"version":6}},"acf":[],"yoast_head":"<!-- This site is optimized with the Yoast SEO plugin v27.0 - https:\/\/yoast.com\/product\/yoast-seo-wordpress\/ -->\n<title>General Terms and Conditions - Castillo de Almod\u00f3var<\/title>\n<meta name=\"robots\" content=\"index, follow, max-snippet:-1, max-image-preview:large, max-video-preview:-1\" \/>\n<link rel=\"canonical\" href=\"https:\/\/castillodealmodovar.com\/condiciones-generales-de-contratacion\/\" \/>\n<meta property=\"og:locale\" content=\"en_US\" \/>\n<meta property=\"og:type\" content=\"article\" \/>\n<meta property=\"og:title\" content=\"General Terms and Conditions - Castillo de Almod\u00f3var\" \/>\n<meta property=\"og:description\" content=\"Privacy Policy Legal Notice General Terms and Conditions Cancellation Policy Cookies Policy Dispute resolution 0. PURPOSE These General Terms and Conditions govern the purchase of services offered on the website https:\/\/castillodealmodovar.com, owned by ABECERA SL (hereinafter, CASTILLO DE ALMODOVAR). The purchase of any of the services implies full and unreserved acceptance of each and every [&hellip;]\" \/>\n<meta property=\"og:url\" content=\"https:\/\/castillodealmodovar.com\/condiciones-generales-de-contratacion\/\" \/>\n<meta property=\"og:site_name\" content=\"Castillo de Almod\u00f3var\" \/>\n<meta property=\"article:modified_time\" content=\"2025-11-03T13:49:28+00:00\" \/>\n<meta name=\"twitter:card\" content=\"summary_large_image\" \/>\n<meta name=\"twitter:label1\" content=\"Est. reading time\" \/>\n\t<meta name=\"twitter:data1\" content=\"6 minutes\" \/>\n<script type=\"application\/ld+json\" class=\"yoast-schema-graph\">{\"@context\":\"https:\/\/schema.org\",\"@graph\":[{\"@type\":\"WebPage\",\"@id\":\"https:\/\/castillodealmodovar.com\/condiciones-generales-de-contratacion\/\",\"url\":\"https:\/\/castillodealmodovar.com\/condiciones-generales-de-contratacion\/\",\"name\":\"General Terms and Conditions - Castillo de Almod\u00f3var\",\"isPartOf\":{\"@id\":\"https:\/\/castillodealmodovar.com\/#website\"},\"datePublished\":\"2022-04-18T07:36:24+00:00\",\"dateModified\":\"2025-11-03T13:49:28+00:00\",\"breadcrumb\":{\"@id\":\"https:\/\/castillodealmodovar.com\/condiciones-generales-de-contratacion\/#breadcrumb\"},\"inLanguage\":\"en-US\",\"potentialAction\":[{\"@type\":\"ReadAction\",\"target\":[\"https:\/\/castillodealmodovar.com\/condiciones-generales-de-contratacion\/\"]}]},{\"@type\":\"BreadcrumbList\",\"@id\":\"https:\/\/castillodealmodovar.com\/condiciones-generales-de-contratacion\/#breadcrumb\",\"itemListElement\":[{\"@type\":\"ListItem\",\"position\":1,\"name\":\"Portada\",\"item\":\"https:\/\/castillodealmodovar.com\/\"},{\"@type\":\"ListItem\",\"position\":2,\"name\":\"General Terms and Conditions\"}]},{\"@type\":\"WebSite\",\"@id\":\"https:\/\/castillodealmodovar.com\/#website\",\"url\":\"https:\/\/castillodealmodovar.com\/\",\"name\":\"Castillo de Almod\u00f3var\",\"description\":\"Informaci\u00f3n y venta de entradas\",\"publisher\":{\"@id\":\"https:\/\/castillodealmodovar.com\/#organization\"},\"potentialAction\":[{\"@type\":\"SearchAction\",\"target\":{\"@type\":\"EntryPoint\",\"urlTemplate\":\"https:\/\/castillodealmodovar.com\/?s={search_term_string}\"},\"query-input\":{\"@type\":\"PropertyValueSpecification\",\"valueRequired\":true,\"valueName\":\"search_term_string\"}}],\"inLanguage\":\"en-US\"},{\"@type\":\"Organization\",\"@id\":\"https:\/\/castillodealmodovar.com\/#organization\",\"name\":\"Castillo de Almod\u00f3var\",\"url\":\"https:\/\/castillodealmodovar.com\/\",\"logo\":{\"@type\":\"ImageObject\",\"inLanguage\":\"en-US\",\"@id\":\"https:\/\/castillodealmodovar.com\/#\/schema\/logo\/image\/\",\"url\":\"https:\/\/castillodealmodovar.com\/wp-content\/uploads\/2025\/08\/logo-header-negro.png\",\"contentUrl\":\"https:\/\/castillodealmodovar.com\/wp-content\/uploads\/2025\/08\/logo-header-negro.png\",\"width\":508,\"height\":61,\"caption\":\"Castillo de Almod\u00f3var\"},\"image\":{\"@id\":\"https:\/\/castillodealmodovar.com\/#\/schema\/logo\/image\/\"}}]}<\/script>\n<!-- \/ Yoast SEO plugin. -->","yoast_head_json":{"title":"General Terms and Conditions - Castillo de Almod\u00f3var","robots":{"index":"index","follow":"follow","max-snippet":"max-snippet:-1","max-image-preview":"max-image-preview:large","max-video-preview":"max-video-preview:-1"},"canonical":"https:\/\/castillodealmodovar.com\/condiciones-generales-de-contratacion\/","og_locale":"en_US","og_type":"article","og_title":"General Terms and Conditions - Castillo de Almod\u00f3var","og_description":"Privacy Policy Legal Notice General Terms and Conditions Cancellation Policy Cookies Policy Dispute resolution 0. PURPOSE These General Terms and Conditions govern the purchase of services offered on the website https:\/\/castillodealmodovar.com, owned by ABECERA SL (hereinafter, CASTILLO DE ALMODOVAR). The purchase of any of the services implies full and unreserved acceptance of each and every [&hellip;]","og_url":"https:\/\/castillodealmodovar.com\/condiciones-generales-de-contratacion\/","og_site_name":"Castillo de Almod\u00f3var","article_modified_time":"2025-11-03T13:49:28+00:00","twitter_card":"summary_large_image","twitter_misc":{"Est. reading time":"6 minutes"},"schema":{"@context":"https:\/\/schema.org","@graph":[{"@type":"WebPage","@id":"https:\/\/castillodealmodovar.com\/condiciones-generales-de-contratacion\/","url":"https:\/\/castillodealmodovar.com\/condiciones-generales-de-contratacion\/","name":"General Terms and Conditions - Castillo de Almod\u00f3var","isPartOf":{"@id":"https:\/\/castillodealmodovar.com\/#website"},"datePublished":"2022-04-18T07:36:24+00:00","dateModified":"2025-11-03T13:49:28+00:00","breadcrumb":{"@id":"https:\/\/castillodealmodovar.com\/condiciones-generales-de-contratacion\/#breadcrumb"},"inLanguage":"en-US","potentialAction":[{"@type":"ReadAction","target":["https:\/\/castillodealmodovar.com\/condiciones-generales-de-contratacion\/"]}]},{"@type":"BreadcrumbList","@id":"https:\/\/castillodealmodovar.com\/condiciones-generales-de-contratacion\/#breadcrumb","itemListElement":[{"@type":"ListItem","position":1,"name":"Portada","item":"https:\/\/castillodealmodovar.com\/"},{"@type":"ListItem","position":2,"name":"General Terms and Conditions"}]},{"@type":"WebSite","@id":"https:\/\/castillodealmodovar.com\/#website","url":"https:\/\/castillodealmodovar.com\/","name":"Castillo de Almod\u00f3var","description":"Informaci\u00f3n y venta de entradas","publisher":{"@id":"https:\/\/castillodealmodovar.com\/#organization"},"potentialAction":[{"@type":"SearchAction","target":{"@type":"EntryPoint","urlTemplate":"https:\/\/castillodealmodovar.com\/?s={search_term_string}"},"query-input":{"@type":"PropertyValueSpecification","valueRequired":true,"valueName":"search_term_string"}}],"inLanguage":"en-US"},{"@type":"Organization","@id":"https:\/\/castillodealmodovar.com\/#organization","name":"Castillo de Almod\u00f3var","url":"https:\/\/castillodealmodovar.com\/","logo":{"@type":"ImageObject","inLanguage":"en-US","@id":"https:\/\/castillodealmodovar.com\/#\/schema\/logo\/image\/","url":"https:\/\/castillodealmodovar.com\/wp-content\/uploads\/2025\/08\/logo-header-negro.png","contentUrl":"https:\/\/castillodealmodovar.com\/wp-content\/uploads\/2025\/08\/logo-header-negro.png","width":508,"height":61,"caption":"Castillo de Almod\u00f3var"},"image":{"@id":"https:\/\/castillodealmodovar.com\/#\/schema\/logo\/image\/"}}]}},"_links":{"self":[{"href":"https:\/\/castillodealmodovar.com\/en\/wp-json\/wp\/v2\/pages\/216141","targetHints":{"allow":["GET"]}}],"collection":[{"href":"https:\/\/castillodealmodovar.com\/en\/wp-json\/wp\/v2\/pages"}],"about":[{"href":"https:\/\/castillodealmodovar.com\/en\/wp-json\/wp\/v2\/types\/page"}],"author":[{"embeddable":true,"href":"https:\/\/castillodealmodovar.com\/en\/wp-json\/wp\/v2\/users\/1"}],"replies":[{"embeddable":true,"href":"https:\/\/castillodealmodovar.com\/en\/wp-json\/wp\/v2\/comments?post=216141"}],"version-history":[{"count":13,"href":"https:\/\/castillodealmodovar.com\/en\/wp-json\/wp\/v2\/pages\/216141\/revisions"}],"predecessor-version":[{"id":216154,"href":"https:\/\/castillodealmodovar.com\/en\/wp-json\/wp\/v2\/pages\/216141\/revisions\/216154"}],"wp:attachment":[{"href":"https:\/\/castillodealmodovar.com\/en\/wp-json\/wp\/v2\/media?parent=216141"}],"curies":[{"name":"wp","href":"https:\/\/api.w.org\/{rel}","templated":true}]}}