{"id":216517,"date":"2022-07-14T09:27:04","date_gmt":"2022-07-14T07:27:04","guid":{"rendered":"https:\/\/castillodealmodovar.com\/libro-del-castillo\/"},"modified":"2026-02-09T15:07:01","modified_gmt":"2026-02-09T14:07:01","slug":"livre-du-chateau","status":"publish","type":"page","link":"https:\/\/castillodealmodovar.com\/fr\/livre-du-chateau\/","title":{"rendered":"Le livre du ch\u00e2teau d&rsquo;Almod\u00f3var"},"content":{"rendered":"\r\n<p>\u00c0 travers ses 213 pages et ses photographies, illustrations et plans in\u00e9dits, il permet au lecteur de d\u00e9couvrir les secrets de l&rsquo;histoire que cachent les murs de cette grande forteresse situ\u00e9e dans la vall\u00e9e du Guadalquivir.<\/p>\r\n<p>Nous remercions Antonio del Junco (\u00e9crivain et photographe) pour l&rsquo;immense affection avec laquelle il a abord\u00e9 ce projet.<\/p>\r\n<p>Compos\u00e9 de 337 illustrations (277 photos, 40 documents et 20 plans), il propose un parcours historique et visuel depuis la pr\u00e9histoire jusqu&rsquo;\u00e0 nos jours, avec des documents in\u00e9dits provenant des archives de la famille Sol\u00eds (bilingue espagnol-anglais).<\/p>\r\n<p>Dimensions : 22 x 24 cm.<\/p>\r\n<h3>O\u00f9 l&rsquo;acheter<\/h3>\r\n<p>Le nouveau guide du ch\u00e2teau d&rsquo;Almod\u00f3var est disponible dans nos locaux, plus pr\u00e9cis\u00e9ment dans notre boutique de souvenirs.<\/p>\r\n<p>Nous effectuons \u00e9galement des envois nationaux (y compris vers les \u00eeles) et internationaux. Si vous souhaitez acheter le livre et vous le faire envoyer, veuillez nous contacter \u00e0 l&rsquo;adresse castillo@castillodealmodovar.com.<\/p>\r\n<p>Prix : 16,95 \u20ac (frais d&rsquo;envoi non compris)<\/p>\r\n","protected":false},"excerpt":{"rendered":"<p>Esta Gu\u00eda Oficial del Castillo de Almod\u00f3var ha sido uno de los principales objetivos que los propietarios del mismo han hecho realidad con gran pasi\u00f3n y mimo.<\/p>\n","protected":false},"author":2,"featured_media":216518,"parent":0,"menu_order":0,"comment_status":"closed","ping_status":"closed","template":"page-actividad.php","meta":{"_acf_changed":false,"_mc_calendar":[],"footnotes":""},"class_list":["post-216517","page","type-page","status-publish","has-post-thumbnail","hentry"],"blocksy_meta":{"styles_descriptor":{"styles":{"desktop":"","tablet":"","mobile":""},"google_fonts":[],"version":6}},"acf":[],"yoast_head":"<!-- This site is optimized with the Yoast SEO plugin v27.0 - https:\/\/yoast.com\/product\/yoast-seo-wordpress\/ -->\n<title>Le livre du ch\u00e2teau d&#039;Almod\u00f3var - Castillo de Almodovar<\/title>\n<meta name=\"robots\" content=\"index, follow, max-snippet:-1, max-image-preview:large, max-video-preview:-1\" \/>\n<link rel=\"canonical\" href=\"https:\/\/castillodealmodovar.com\/fr\/livre-du-chateau\/\" \/>\n<meta property=\"og:locale\" content=\"fr_FR\" \/>\n<meta property=\"og:type\" content=\"article\" \/>\n<meta property=\"og:title\" content=\"Le livre du ch\u00e2teau d&#039;Almod\u00f3var - Castillo de Almodovar\" \/>\n<meta property=\"og:description\" content=\"Esta Gu\u00eda Oficial del Castillo de Almod\u00f3var ha sido uno de los principales objetivos que los propietarios del mismo han hecho realidad con gran pasi\u00f3n y mimo.\" \/>\n<meta property=\"og:url\" content=\"https:\/\/castillodealmodovar.com\/fr\/livre-du-chateau\/\" \/>\n<meta property=\"og:site_name\" content=\"Castillo de Almodovar\" \/>\n<meta property=\"article:modified_time\" content=\"2026-02-09T14:07:01+00:00\" \/>\n<meta property=\"og:image\" content=\"https:\/\/castillodealmodovar.com\/wp-content\/uploads\/2022\/07\/castillo-de-almodovar-libro.jpg\" \/>\n\t<meta property=\"og:image:width\" content=\"1600\" \/>\n\t<meta property=\"og:image:height\" content=\"1000\" \/>\n\t<meta property=\"og:image:type\" content=\"image\/jpeg\" \/>\n<meta name=\"twitter:card\" content=\"summary_large_image\" \/>\n<meta name=\"twitter:label1\" content=\"Dur\u00e9e de lecture estim\u00e9e\" \/>\n\t<meta name=\"twitter:data1\" content=\"1 minute\" \/>\n<script type=\"application\/ld+json\" class=\"yoast-schema-graph\">{\"@context\":\"https:\/\/schema.org\",\"@graph\":[{\"@type\":\"WebPage\",\"@id\":\"https:\/\/castillodealmodovar.com\/fr\/livre-du-chateau\/\",\"url\":\"https:\/\/castillodealmodovar.com\/fr\/livre-du-chateau\/\",\"name\":\"Le livre du ch\u00e2teau d'Almod\u00f3var - Castillo de Almodovar\",\"isPartOf\":{\"@id\":\"https:\/\/castillodealmodovar.com\/#website\"},\"primaryImageOfPage\":{\"@id\":\"https:\/\/castillodealmodovar.com\/fr\/livre-du-chateau\/#primaryimage\"},\"image\":{\"@id\":\"https:\/\/castillodealmodovar.com\/fr\/livre-du-chateau\/#primaryimage\"},\"thumbnailUrl\":\"https:\/\/castillodealmodovar.com\/wp-content\/uploads\/2022\/07\/castillo-de-almodovar-libro.jpg\",\"datePublished\":\"2022-07-14T07:27:04+00:00\",\"dateModified\":\"2026-02-09T14:07:01+00:00\",\"breadcrumb\":{\"@id\":\"https:\/\/castillodealmodovar.com\/fr\/livre-du-chateau\/#breadcrumb\"},\"inLanguage\":\"fr-FR\",\"potentialAction\":[{\"@type\":\"ReadAction\",\"target\":[\"https:\/\/castillodealmodovar.com\/fr\/livre-du-chateau\/\"]}]},{\"@type\":\"ImageObject\",\"inLanguage\":\"fr-FR\",\"@id\":\"https:\/\/castillodealmodovar.com\/fr\/livre-du-chateau\/#primaryimage\",\"url\":\"https:\/\/castillodealmodovar.com\/wp-content\/uploads\/2022\/07\/castillo-de-almodovar-libro.jpg\",\"contentUrl\":\"https:\/\/castillodealmodovar.com\/wp-content\/uploads\/2022\/07\/castillo-de-almodovar-libro.jpg\",\"width\":1600,\"height\":1000},{\"@type\":\"BreadcrumbList\",\"@id\":\"https:\/\/castillodealmodovar.com\/fr\/livre-du-chateau\/#breadcrumb\",\"itemListElement\":[{\"@type\":\"ListItem\",\"position\":1,\"name\":\"Portada\",\"item\":\"https:\/\/castillodealmodovar.com\/\"},{\"@type\":\"ListItem\",\"position\":2,\"name\":\"Le livre du ch\u00e2teau d&#8217;Almod\u00f3var\"}]},{\"@type\":\"WebSite\",\"@id\":\"https:\/\/castillodealmodovar.com\/#website\",\"url\":\"https:\/\/castillodealmodovar.com\/\",\"name\":\"Castillo de Almodovar\",\"description\":\"Informaci\u00f3n y venta de entradas\",\"publisher\":{\"@id\":\"https:\/\/castillodealmodovar.com\/#organization\"},\"potentialAction\":[{\"@type\":\"SearchAction\",\"target\":{\"@type\":\"EntryPoint\",\"urlTemplate\":\"https:\/\/castillodealmodovar.com\/?s={search_term_string}\"},\"query-input\":{\"@type\":\"PropertyValueSpecification\",\"valueRequired\":true,\"valueName\":\"search_term_string\"}}],\"inLanguage\":\"fr-FR\"},{\"@type\":\"Organization\",\"@id\":\"https:\/\/castillodealmodovar.com\/#organization\",\"name\":\"Castillo de Almodovar\",\"url\":\"https:\/\/castillodealmodovar.com\/\",\"logo\":{\"@type\":\"ImageObject\",\"inLanguage\":\"fr-FR\",\"@id\":\"https:\/\/castillodealmodovar.com\/#\/schema\/logo\/image\/\",\"url\":\"https:\/\/castillodealmodovar.com\/wp-content\/uploads\/2025\/08\/logo-header-negro.png\",\"contentUrl\":\"https:\/\/castillodealmodovar.com\/wp-content\/uploads\/2025\/08\/logo-header-negro.png\",\"width\":508,\"height\":61,\"caption\":\"Castillo de Almodovar\"},\"image\":{\"@id\":\"https:\/\/castillodealmodovar.com\/#\/schema\/logo\/image\/\"}}]}<\/script>\n<!-- \/ Yoast SEO plugin. -->","yoast_head_json":{"title":"Le livre du ch\u00e2teau d'Almod\u00f3var - Castillo de Almodovar","robots":{"index":"index","follow":"follow","max-snippet":"max-snippet:-1","max-image-preview":"max-image-preview:large","max-video-preview":"max-video-preview:-1"},"canonical":"https:\/\/castillodealmodovar.com\/fr\/livre-du-chateau\/","og_locale":"fr_FR","og_type":"article","og_title":"Le livre du ch\u00e2teau d'Almod\u00f3var - Castillo de Almodovar","og_description":"Esta Gu\u00eda Oficial del Castillo de Almod\u00f3var ha sido uno de los principales objetivos que los propietarios del mismo han hecho realidad con gran pasi\u00f3n y mimo.","og_url":"https:\/\/castillodealmodovar.com\/fr\/livre-du-chateau\/","og_site_name":"Castillo de Almodovar","article_modified_time":"2026-02-09T14:07:01+00:00","og_image":[{"width":1600,"height":1000,"url":"https:\/\/castillodealmodovar.com\/wp-content\/uploads\/2022\/07\/castillo-de-almodovar-libro.jpg","type":"image\/jpeg"}],"twitter_card":"summary_large_image","twitter_misc":{"Dur\u00e9e de lecture estim\u00e9e":"1 minute"},"schema":{"@context":"https:\/\/schema.org","@graph":[{"@type":"WebPage","@id":"https:\/\/castillodealmodovar.com\/fr\/livre-du-chateau\/","url":"https:\/\/castillodealmodovar.com\/fr\/livre-du-chateau\/","name":"Le livre du ch\u00e2teau d'Almod\u00f3var - Castillo de Almodovar","isPartOf":{"@id":"https:\/\/castillodealmodovar.com\/#website"},"primaryImageOfPage":{"@id":"https:\/\/castillodealmodovar.com\/fr\/livre-du-chateau\/#primaryimage"},"image":{"@id":"https:\/\/castillodealmodovar.com\/fr\/livre-du-chateau\/#primaryimage"},"thumbnailUrl":"https:\/\/castillodealmodovar.com\/wp-content\/uploads\/2022\/07\/castillo-de-almodovar-libro.jpg","datePublished":"2022-07-14T07:27:04+00:00","dateModified":"2026-02-09T14:07:01+00:00","breadcrumb":{"@id":"https:\/\/castillodealmodovar.com\/fr\/livre-du-chateau\/#breadcrumb"},"inLanguage":"fr-FR","potentialAction":[{"@type":"ReadAction","target":["https:\/\/castillodealmodovar.com\/fr\/livre-du-chateau\/"]}]},{"@type":"ImageObject","inLanguage":"fr-FR","@id":"https:\/\/castillodealmodovar.com\/fr\/livre-du-chateau\/#primaryimage","url":"https:\/\/castillodealmodovar.com\/wp-content\/uploads\/2022\/07\/castillo-de-almodovar-libro.jpg","contentUrl":"https:\/\/castillodealmodovar.com\/wp-content\/uploads\/2022\/07\/castillo-de-almodovar-libro.jpg","width":1600,"height":1000},{"@type":"BreadcrumbList","@id":"https:\/\/castillodealmodovar.com\/fr\/livre-du-chateau\/#breadcrumb","itemListElement":[{"@type":"ListItem","position":1,"name":"Portada","item":"https:\/\/castillodealmodovar.com\/"},{"@type":"ListItem","position":2,"name":"Le livre du ch\u00e2teau d&#8217;Almod\u00f3var"}]},{"@type":"WebSite","@id":"https:\/\/castillodealmodovar.com\/#website","url":"https:\/\/castillodealmodovar.com\/","name":"Castillo de Almodovar","description":"Informaci\u00f3n y venta de entradas","publisher":{"@id":"https:\/\/castillodealmodovar.com\/#organization"},"potentialAction":[{"@type":"SearchAction","target":{"@type":"EntryPoint","urlTemplate":"https:\/\/castillodealmodovar.com\/?s={search_term_string}"},"query-input":{"@type":"PropertyValueSpecification","valueRequired":true,"valueName":"search_term_string"}}],"inLanguage":"fr-FR"},{"@type":"Organization","@id":"https:\/\/castillodealmodovar.com\/#organization","name":"Castillo de Almodovar","url":"https:\/\/castillodealmodovar.com\/","logo":{"@type":"ImageObject","inLanguage":"fr-FR","@id":"https:\/\/castillodealmodovar.com\/#\/schema\/logo\/image\/","url":"https:\/\/castillodealmodovar.com\/wp-content\/uploads\/2025\/08\/logo-header-negro.png","contentUrl":"https:\/\/castillodealmodovar.com\/wp-content\/uploads\/2025\/08\/logo-header-negro.png","width":508,"height":61,"caption":"Castillo de Almodovar"},"image":{"@id":"https:\/\/castillodealmodovar.com\/#\/schema\/logo\/image\/"}}]}},"_links":{"self":[{"href":"https:\/\/castillodealmodovar.com\/fr\/wp-json\/wp\/v2\/pages\/216517","targetHints":{"allow":["GET"]}}],"collection":[{"href":"https:\/\/castillodealmodovar.com\/fr\/wp-json\/wp\/v2\/pages"}],"about":[{"href":"https:\/\/castillodealmodovar.com\/fr\/wp-json\/wp\/v2\/types\/page"}],"author":[{"embeddable":true,"href":"https:\/\/castillodealmodovar.com\/fr\/wp-json\/wp\/v2\/users\/2"}],"replies":[{"embeddable":true,"href":"https:\/\/castillodealmodovar.com\/fr\/wp-json\/wp\/v2\/comments?post=216517"}],"version-history":[{"count":2,"href":"https:\/\/castillodealmodovar.com\/fr\/wp-json\/wp\/v2\/pages\/216517\/revisions"}],"predecessor-version":[{"id":216971,"href":"https:\/\/castillodealmodovar.com\/fr\/wp-json\/wp\/v2\/pages\/216517\/revisions\/216971"}],"wp:featuredmedia":[{"embeddable":true,"href":"https:\/\/castillodealmodovar.com\/fr\/wp-json\/wp\/v2\/media\/216518"}],"wp:attachment":[{"href":"https:\/\/castillodealmodovar.com\/fr\/wp-json\/wp\/v2\/media?parent=216517"}],"curies":[{"name":"wp","href":"https:\/\/api.w.org\/{rel}","templated":true}]}}