{"id":216733,"date":"2022-04-18T09:37:44","date_gmt":"2022-04-18T07:37:44","guid":{"rendered":"https:\/\/castillodealmodovar.com\/politica-de-cookies\/"},"modified":"2026-02-09T15:05:05","modified_gmt":"2026-02-09T14:05:05","slug":"cookie-policy","status":"publish","type":"page","link":"https:\/\/castillodealmodovar.com\/fr\/cookie-policy\/","title":{"rendered":"Cookie policy"},"content":{"rendered":"\t\t<div data-elementor-type=\"wp-page\" data-elementor-id=\"216733\" class=\"elementor elementor-216733 elementor-36\">\n\t\t\t\t<div class=\"elementor-element elementor-element-55b02435 e-flex e-con-boxed e-con e-parent\" data-id=\"55b02435\" data-element_type=\"container\">\n\t\t\t\t\t<div class=\"e-con-inner\">\n\t\t<div class=\"elementor-element elementor-element-6f8caec e-con-full e-flex e-con e-child\" data-id=\"6f8caec\" data-element_type=\"container\">\n\t\t\t\t<div class=\"elementor-element elementor-element-9b3cc2d elementor-align-left elementor-icon-list--layout-traditional elementor-list-item-link-full_width elementor-widget elementor-widget-icon-list\" data-id=\"9b3cc2d\" data-element_type=\"widget\" data-widget_type=\"icon-list.default\">\n\t\t\t\t<div class=\"elementor-widget-container\">\n\t\t\t\t\t\t\t<ul class=\"elementor-icon-list-items\">\n\t\t\t\t\t\t\t<li class=\"elementor-icon-list-item\">\n\t\t\t\t\t\t\t\t\t\t\t<a href=\"https:\/\/castillodealmodovar.com\/fr\/politique-de-confidentialite\/\">\n\n\t\t\t\t\t\t\t\t\t\t\t\t<span class=\"elementor-icon-list-icon\">\n\t\t\t\t\t\t\t<svg aria-hidden=\"true\" class=\"e-font-icon-svg e-fas-circle\" viewBox=\"0 0 512 512\" xmlns=\"http:\/\/www.w3.org\/2000\/svg\"><path d=\"M256 8C119 8 8 119 8 256s111 248 248 248 248-111 248-248S393 8 256 8z\"><\/path><\/svg>\t\t\t\t\t\t<\/span>\n\t\t\t\t\t\t\t\t\t\t<span class=\"elementor-icon-list-text\">Politique de confidentialit\u00e9<\/span>\n\t\t\t\t\t\t\t\t\t\t\t<\/a>\n\t\t\t\t\t\t\t\t\t<\/li>\n\t\t\t\t\t\t\t\t<li class=\"elementor-icon-list-item\">\n\t\t\t\t\t\t\t\t\t\t\t<a href=\"https:\/\/castillodealmodovar.com\/fr\/mentions-legales\/\">\n\n\t\t\t\t\t\t\t\t\t\t\t\t<span class=\"elementor-icon-list-icon\">\n\t\t\t\t\t\t\t<svg aria-hidden=\"true\" class=\"e-font-icon-svg e-fas-circle\" viewBox=\"0 0 512 512\" xmlns=\"http:\/\/www.w3.org\/2000\/svg\"><path d=\"M256 8C119 8 8 119 8 256s111 248 248 248 248-111 248-248S393 8 256 8z\"><\/path><\/svg>\t\t\t\t\t\t<\/span>\n\t\t\t\t\t\t\t\t\t\t<span class=\"elementor-icon-list-text\"> Mentions l\u00e9gales<\/span>\n\t\t\t\t\t\t\t\t\t\t\t<\/a>\n\t\t\t\t\t\t\t\t\t<\/li>\n\t\t\t\t\t\t\t\t<li class=\"elementor-icon-list-item\">\n\t\t\t\t\t\t\t\t\t\t\t<a href=\"https:\/\/castillodealmodovar.com\/fr\/conditions-generales-de-vente\/\">\n\n\t\t\t\t\t\t\t\t\t\t\t\t<span class=\"elementor-icon-list-icon\">\n\t\t\t\t\t\t\t<svg aria-hidden=\"true\" class=\"e-font-icon-svg e-fas-circle\" viewBox=\"0 0 512 512\" xmlns=\"http:\/\/www.w3.org\/2000\/svg\"><path d=\"M256 8C119 8 8 119 8 256s111 248 248 248 248-111 248-248S393 8 256 8z\"><\/path><\/svg>\t\t\t\t\t\t<\/span>\n\t\t\t\t\t\t\t\t\t\t<span class=\"elementor-icon-list-text\">Conditions g\u00e9n\u00e9rales de vente<\/span>\n\t\t\t\t\t\t\t\t\t\t\t<\/a>\n\t\t\t\t\t\t\t\t\t<\/li>\n\t\t\t\t\t\t\t\t<li class=\"elementor-icon-list-item\">\n\t\t\t\t\t\t\t\t\t\t\t<a href=\"https:\/\/castillodealmodovar.com\/fr\/politique-dannulation\/\">\n\n\t\t\t\t\t\t\t\t\t\t\t\t<span class=\"elementor-icon-list-icon\">\n\t\t\t\t\t\t\t<svg aria-hidden=\"true\" class=\"e-font-icon-svg e-fas-circle\" viewBox=\"0 0 512 512\" xmlns=\"http:\/\/www.w3.org\/2000\/svg\"><path d=\"M256 8C119 8 8 119 8 256s111 248 248 248 248-111 248-248S393 8 256 8z\"><\/path><\/svg>\t\t\t\t\t\t<\/span>\n\t\t\t\t\t\t\t\t\t\t<span class=\"elementor-icon-list-text\">Politique d'annulation<\/span>\n\t\t\t\t\t\t\t\t\t\t\t<\/a>\n\t\t\t\t\t\t\t\t\t<\/li>\n\t\t\t\t\t\t\t\t<li class=\"elementor-icon-list-item\">\n\t\t\t\t\t\t\t\t\t\t\t<a href=\"https:\/\/castillodealmodovar.com\/fr\/cookie-policy\/\">\n\n\t\t\t\t\t\t\t\t\t\t\t\t<span class=\"elementor-icon-list-icon\">\n\t\t\t\t\t\t\t<svg aria-hidden=\"true\" class=\"e-font-icon-svg e-fas-circle\" viewBox=\"0 0 512 512\" xmlns=\"http:\/\/www.w3.org\/2000\/svg\"><path d=\"M256 8C119 8 8 119 8 256s111 248 248 248 248-111 248-248S393 8 256 8z\"><\/path><\/svg>\t\t\t\t\t\t<\/span>\n\t\t\t\t\t\t\t\t\t\t<span class=\"elementor-icon-list-text\">Cookies policy<\/span>\n\t\t\t\t\t\t\t\t\t\t\t<\/a>\n\t\t\t\t\t\t\t\t\t<\/li>\n\t\t\t\t\t\t<\/ul>\n\t\t\t\t\t\t<\/div>\n\t\t\t\t<\/div>\n\t\t\t\t<\/div>\n\t\t\t\t<div class=\"elementor-element elementor-element-2d2c4c1f elementor-widget elementor-widget-text-editor\" data-id=\"2d2c4c1f\" data-element_type=\"widget\" data-widget_type=\"text-editor.default\">\n\t\t\t\t<div class=\"elementor-widget-container\">\n\t\t\t\t\t\t\t\t\t<div id=\"que-son-las-cookies\" class=\"wp-block-stackable-heading stk-block-heading stk-block stk-8a63afe\" data-block-id=\"8a63afe\"><style>.stk-8a63afe .stk-block-heading__text{color:var(--theme-palette-color-2,#0A442A) !important}.stk-8a63afe .stk-block-heading__bottom-line{height:1px !important;width:100% !important;background-color:var(--theme-palette-color-2,#0A442A) !important;margin-top:20px !important}<\/style><h3 class=\"stk-block-heading__text has-text-color\">Que sont les cookies ?<\/h3><div class=\"stk-block-heading__bottom-line\">\u00a0<\/div><\/div><p>Ce site Web utilise des cookies et\/ou des technologies similaires qui stockent et r\u00e9cup\u00e8rent des informations lorsque vous naviguez. En g\u00e9n\u00e9ral, ces technologies peuvent servir \u00e0 diverses fins, telles que vous reconna\u00eetre en tant qu&rsquo;utilisateur, obtenir des informations sur vos habitudes de navigation ou personnaliser l&rsquo;affichage du contenu. Les utilisations sp\u00e9cifiques que nous faisons de ces technologies sont d\u00e9crites ci-dessous.<\/p><div id=\"para-que-utiliza-las-cookies-esta-pagina-web-y-cuales-son\" class=\"wp-block-stackable-heading stk-block-heading stk-block stk-3c8b165\" data-block-id=\"3c8b165\"><style>.stk-3c8b165 .stk-block-heading__text{color:var(--theme-palette-color-2,#0A442A) !important}.stk-3c8b165 .stk-block-heading__bottom-line{height:1px !important;width:100% !important;background-color:var(--theme-palette-color-2,#0A442A) !important;margin-top:20px !important}<\/style><h3 class=\"stk-block-heading__text has-text-color\">\u00c0 quoi servent les cookies sur ce site web et de quoi s&rsquo;agit-il ?<\/h3><div class=\"stk-block-heading__bottom-line\">\u00a0<\/div><\/div><p>L&rsquo;identification des utilisateurs des cookies de ce site web, ainsi que les d\u00e9tails de ces derniers, sont indiqu\u00e9s ci-dessous :<\/p><figure class=\"wp-block-table is-style-stripes\"><table><tbody><tr><th>Entit\u00e9<\/th><th>Type<\/th><th>Prop\u00f3sito<\/th><th>Plus d&rsquo;informations<\/th><\/tr><tr><td>castillodealmodovar.com<\/td><td>Propre<\/td><td>Stocke l&rsquo;\u00e9tat du consentement de l&rsquo;utilisateur concernant les cookies pour le domaine actuel.<\/td><td>\u00a0<\/td><\/tr><tr><td>castillodealmodovar.com<\/td><td>Propre<\/td><td>D\u00e9signe le code pays calcul\u00e9 en fonction de l&rsquo;adresse IP de l&rsquo;utilisateur. Utilis\u00e9 pour d\u00e9terminer la langue \u00e0 utiliser pour les utilisateurs.<\/td><td>\u00a0<\/td><\/tr><tr><td>Google.com<\/td><td>De tiers<\/td><td>Ce cookie est utilis\u00e9 pour distinguer les humains des robots. Cela est utile pour le site web afin de produire des rapports valables sur l&rsquo;utilisation de son site web.<\/td><td>https:\/\/policies.google.com\/privacy?hl=es<\/td><\/tr><tr><td>Google.com<\/td><td>De tiers<\/td><td>Ce cookie sert \u00e0 distinguer les humains des robots.<\/td><td>https:\/\/policies.google.com\/privacy?hl=es<\/td><\/tr><tr><td>Google.com<\/td><td>De tiers<\/td><td>Enregistre un identifiant unique utilis\u00e9 pour g\u00e9n\u00e9rer des donn\u00e9es statistiques sur la mani\u00e8re dont le visiteur utilise le site web.<\/td><td>https:\/\/policies.google.com\/privacy?hl=es<\/td><\/tr><tr><td>Google.com<\/td><td>De tiers<\/td><td>Utilis\u00e9 par Google Analytics pour contr\u00f4ler le taux de requ\u00eates.<\/td><td>https:\/\/policies.google.com\/privacy?hl=es<\/td><\/tr><tr><td>Google.com<\/td><td>De tiers<\/td><td>Enregistre un identifiant unique utilis\u00e9 pour g\u00e9n\u00e9rer des donn\u00e9es statistiques sur la mani\u00e8re dont le visiteur utilise le site web.<\/td><td>https:\/\/policies.google.com\/privacy?hl=es<\/td><\/tr><tr><td>Facebook.com<\/td><td>De tiers<\/td><td>Utilis\u00e9 par Facebook pour fournir une s\u00e9rie de produits publicitaires tels que des ench\u00e8res en temps r\u00e9el d&rsquo;annonceurs tiers.<\/td><td>https:\/\/www.facebook.com\/policy\/cookies\/<\/td><\/tr><tr><td>DoubleClick.net<\/td><td>De tiers<\/td><td>Utilis\u00e9 par Google DoubleClick pour enregistrer et signaler les actions de l&rsquo;utilisateur sur le site web apr\u00e8s avoir vu ou cliqu\u00e9 sur l&rsquo;une des publicit\u00e9s de l&rsquo;annonceur dans le but de mesurer l&rsquo;efficacit\u00e9 d&rsquo;une publicit\u00e9 et de pr\u00e9senter des publicit\u00e9s sp\u00e9cifiques \u00e0 l&rsquo;utilisateur.<\/td><td>https:\/\/policies.google.com\/privacy?hl=es<\/td><\/tr><tr><td>DoubleClick.net<\/td><td>De tiers<\/td><td>Utilis\u00e9 pour v\u00e9rifier si le navigateur de l&rsquo;utilisateur accepte les cookies.<\/td><td>https:\/\/policies.google.com\/privacy?hl=es<\/td><\/tr><tr><td>Tripadvisor.com<\/td><td>De tiers<\/td><td>Utilis\u00e9 pour relier les pr\u00e9f\u00e9rences et le comportement de l&rsquo;utilisateur sur le site web \u00e0 ceux sur le site web TripAdvisor. Cela permet \u00e0 TripAdvisor d&rsquo;afficher du contenu publicitaire pertinent pour un utilisateur sp\u00e9cifique.<\/td><td>https:\/\/tripadvisor.mediaroom.com\/ES-politica-en-materia-de-cookies<\/td><\/tr><tr><td>Tripadvisor.com<\/td><td>De tiers<\/td><td>Utilis\u00e9 pour afficher le contenu int\u00e9gr\u00e9 provenant de TripAdvisor, y compris le paiement des commissions et le suivi des utilisateurs sur les sites web.<\/td><td>https:\/\/tripadvisor.mediaroom.com\/ES-politica-en-materia-de-cookies<\/td><\/tr><tr><td>Google.com<\/td><td>De tiers<\/td><td>Essaie de calculer la bande passante de l&rsquo;utilisateur sur les pages contenant des vid\u00e9os YouTube int\u00e9gr\u00e9es.<\/td><td>https:\/\/policies.google.com\/privacy?hl=es<\/td><\/tr><tr><td>Google.com<\/td><td>De tiers<\/td><td>Enregistre les pr\u00e9f\u00e9rences du lecteur vid\u00e9o de l&rsquo;utilisateur lors du visionnage de vid\u00e9os YouTube int\u00e9gr\u00e9es.<\/td><td>https:\/\/policies.google.com\/privacy?hl=es<\/td><\/tr><\/tbody><\/table><\/figure><p>Remarque : les cookies de type \u00ab propres \u00bb sont utilis\u00e9s uniquement par le propri\u00e9taire de ce site web et les cookies \u00ab tiers \u00bb sont utilis\u00e9s par le prestataire de services indiqu\u00e9 dans le tableau ci-dessus.<\/p><p>Vous pouvez vous informer sur les transferts vers des pays tiers qui, le cas \u00e9ch\u00e9ant, sont effectu\u00e9s par les tiers identifi\u00e9s dans la pr\u00e9sente politique en mati\u00e8re de cookies dans leurs politiques correspondantes (voir les liens fournis dans la section \u00ab Plus d&rsquo;informations \u00bb du tableau ci-dessus).<\/p><div id=\"como-puedo-desactivar-o-eliminar-estas-cookies\" class=\"wp-block-stackable-heading stk-block-heading stk-block stk-f94126f\" data-block-id=\"f94126f\"><style>.stk-f94126f .stk-block-heading__text{color:var(--theme-palette-color-2,#0A442A) !important}.stk-f94126f .stk-block-heading__bottom-line{height:1px !important;width:100% !important;background-color:var(--theme-palette-color-2,#0A442A) !important;margin-top:20px !important}<\/style><h3 class=\"stk-block-heading__text has-text-color\">Comment puis-je d\u00e9sactiver ou supprimer ces cookies ?<\/h3><div class=\"stk-block-heading__bottom-line\">\u00a0<\/div><\/div><p>Vous pouvez autoriser ou bloquer les cookies, ainsi que supprimer vos donn\u00e9es de navigation (y compris les cookies) \u00e0 partir du navigateur que vous utilisez. Consultez les options et les instructions propos\u00e9es par votre navigateur \u00e0 cet effet. Veuillez noter que si vous acceptez les cookies tiers, vous devrez les supprimer \u00e0 partir des options du navigateur ou du syst\u00e8me propos\u00e9 par le tiers lui-m\u00eame.<\/p><p>Vous trouverez ci-dessous les liens vers les informations permettant de g\u00e9rer les cookies des navigateurs les plus utilis\u00e9s:<\/p><p><strong>Firefox<\/strong><\/p><p><a href=\"http:\/\/support.mozilla.org\/es\/kb\/habilitar-y-deshabilitar-cookies-que-los-sitios-we\" target=\"_blank\" rel=\"noreferrer noopener\">http:\/\/support.mozilla.org\/es\/kb\/habilitar-y-deshabilitar-cookies-que-los-sitios-we<\/a><\/p><p><strong>Chrome<\/strong><\/p><p><a href=\"http:\/\/support.google.com\/chrome\/bin\/answer.py?hl=es&amp;answer=95647\" target=\"_blank\" rel=\"noreferrer noopener\">http:\/\/support.google.com\/chrome\/bin\/answer.py?hl=es&amp;answer=95647<\/a><\/p><p><strong>Internet Explorer<\/strong><\/p><figure class=\"wp-block-embed\"><div class=\"wp-block-embed__wrapper\">https:\/\/support.microsoft.com\/es-es\/help\/278835\/how-to-delete-cookie-files-in-internet-explorer<\/div><\/figure><p><strong>Safari<\/strong><\/p><p><a href=\"http:\/\/support.apple.com\/kb\/ph5042\" target=\"_blank\" rel=\"noreferrer noopener\">http:\/\/support.apple.com\/kb\/ph5042<\/a><\/p><p><strong>Microsoft Edge<\/strong><\/p><figure class=\"wp-block-embed\"><div class=\"wp-block-embed__wrapper\">https:\/\/support.microsoft.com\/es-es\/help\/4027947\/microsoft-edge-delete-cookies<\/div><\/figure><p><strong>Opera<\/strong><\/p><p><a href=\"http:\/\/help.opera.com\/Windows\/11.50\/es-ES\/cookies.html\" target=\"_blank\" rel=\"noreferrer noopener\">http:\/\/help.opera.com\/Windows\/11.50\/es-ES\/cookies.html<\/a><\/p><p>Autres navigateurs<\/p><p>Consultez la documentation du navigateur que vous avez install\u00e9.<\/p><div id=\"complemento-de-inhabilitacion-para-navegadores-de-google-analytics\" class=\"wp-block-stackable-heading stk-block-heading stk-block stk-9f21ac0\" data-block-id=\"9f21ac0\"><style>.stk-9f21ac0 .stk-block-heading__text{color:var(--theme-palette-color-2,#0A442A) !important}.stk-9f21ac0 .stk-block-heading__bottom-line{height:1px !important;width:100% !important;background-color:var(--theme-palette-color-2,#0A442A) !important;margin-top:20px !important}<\/style><h3 class=\"stk-block-heading__text has-text-color\">Module compl\u00e9mentaire de d\u00e9sactivation pour les navigateurs Google Analytics<\/h3><div class=\"stk-block-heading__bottom-line\">\u00a0<\/div><\/div><p>Si vous souhaitez refuser les cookies analytiques de Google Analytics dans tous les navigateurs, afin qu&rsquo;aucune information vous concernant ne soit envoy\u00e9e \u00e0 Google Analytics, vous pouvez t\u00e9l\u00e9charger un module compl\u00e9mentaire qui remplit cette fonction \u00e0 partir de ce lien: https:\/\/tools.google.com\/dlpage\/gaoptout.<\/p><div id=\"ejercicio-de-derechos\" class=\"wp-block-stackable-heading stk-block-heading stk-block stk-d721ce7\" data-block-id=\"d721ce7\"><style>.stk-d721ce7 .stk-block-heading__text{color:var(--theme-palette-color-2,#0A442A) !important}.stk-d721ce7 .stk-block-heading__bottom-line{height:1px !important;width:100% !important;background-color:var(--theme-palette-color-2,#0A442A) !important;margin-top:20px !important}<\/style><h3 class=\"stk-block-heading__text has-text-color\">Exercice des droits<\/h3><div class=\"stk-block-heading__bottom-line\">\u00a0<\/div><\/div><p>Vous pouvez conna\u00eetre et exercer vos droits en mati\u00e8re de protection des donn\u00e9es personnelles en consultant la politique de confidentialit\u00e9 de ce site web.<\/p>\t\t\t\t\t\t\t\t<\/div>\n\t\t\t\t<\/div>\n\t\t\t\t\t<\/div>\n\t\t\t\t<\/div>\n\t\t\t\t<\/div>\n\t\t","protected":false},"excerpt":{"rendered":"<p>Politique de confidentialit\u00e9 Mentions l\u00e9gales Conditions g\u00e9n\u00e9rales de vente Politique d&rsquo;annulation Cookies policy Que sont les cookies ? \u00a0 Ce site Web utilise des cookies et\/ou des technologies similaires qui stockent et r\u00e9cup\u00e8rent des informations lorsque vous naviguez. En g\u00e9n\u00e9ral, ces technologies peuvent servir \u00e0 diverses fins, telles que vous reconna\u00eetre en tant qu&rsquo;utilisateur, obtenir [&hellip;]<\/p>\n","protected":false},"author":1,"featured_media":0,"parent":0,"menu_order":0,"comment_status":"closed","ping_status":"closed","template":"","meta":{"_acf_changed":false,"_mc_calendar":[],"footnotes":""},"class_list":["post-216733","page","type-page","status-publish","hentry"],"blocksy_meta":{"styles_descriptor":{"styles":{"desktop":"","tablet":"","mobile":""},"google_fonts":[],"version":6}},"acf":[],"yoast_head":"<!-- This site is optimized with the Yoast SEO plugin v27.0 - https:\/\/yoast.com\/product\/yoast-seo-wordpress\/ -->\n<title>Cookie policy - Castillo de Almodovar<\/title>\n<meta name=\"robots\" content=\"index, follow, max-snippet:-1, max-image-preview:large, max-video-preview:-1\" \/>\n<link rel=\"canonical\" href=\"https:\/\/castillodealmodovar.com\/fr\/cookie-policy\/\" \/>\n<meta property=\"og:locale\" content=\"fr_FR\" \/>\n<meta property=\"og:type\" content=\"article\" \/>\n<meta property=\"og:title\" content=\"Cookie policy - Castillo de Almodovar\" \/>\n<meta property=\"og:description\" content=\"Politique de confidentialit\u00e9 Mentions l\u00e9gales Conditions g\u00e9n\u00e9rales de vente Politique d&rsquo;annulation Cookies policy Que sont les cookies ? \u00a0 Ce site Web utilise des cookies et\/ou des technologies similaires qui stockent et r\u00e9cup\u00e8rent des informations lorsque vous naviguez. En g\u00e9n\u00e9ral, ces technologies peuvent servir \u00e0 diverses fins, telles que vous reconna\u00eetre en tant qu&rsquo;utilisateur, obtenir [&hellip;]\" \/>\n<meta property=\"og:url\" content=\"https:\/\/castillodealmodovar.com\/fr\/cookie-policy\/\" \/>\n<meta property=\"og:site_name\" content=\"Castillo de Almodovar\" \/>\n<meta property=\"article:modified_time\" content=\"2026-02-09T14:05:05+00:00\" \/>\n<meta name=\"twitter:card\" content=\"summary_large_image\" \/>\n<meta name=\"twitter:label1\" content=\"Dur\u00e9e de lecture estim\u00e9e\" \/>\n\t<meta name=\"twitter:data1\" content=\"4 minutes\" \/>\n<script type=\"application\/ld+json\" class=\"yoast-schema-graph\">{\"@context\":\"https:\/\/schema.org\",\"@graph\":[{\"@type\":\"WebPage\",\"@id\":\"https:\/\/castillodealmodovar.com\/fr\/cookie-policy\/\",\"url\":\"https:\/\/castillodealmodovar.com\/fr\/cookie-policy\/\",\"name\":\"Cookie policy - Castillo de Almodovar\",\"isPartOf\":{\"@id\":\"https:\/\/castillodealmodovar.com\/#website\"},\"datePublished\":\"2022-04-18T07:37:44+00:00\",\"dateModified\":\"2026-02-09T14:05:05+00:00\",\"breadcrumb\":{\"@id\":\"https:\/\/castillodealmodovar.com\/fr\/cookie-policy\/#breadcrumb\"},\"inLanguage\":\"fr-FR\",\"potentialAction\":[{\"@type\":\"ReadAction\",\"target\":[\"https:\/\/castillodealmodovar.com\/fr\/cookie-policy\/\"]}]},{\"@type\":\"BreadcrumbList\",\"@id\":\"https:\/\/castillodealmodovar.com\/fr\/cookie-policy\/#breadcrumb\",\"itemListElement\":[{\"@type\":\"ListItem\",\"position\":1,\"name\":\"Portada\",\"item\":\"https:\/\/castillodealmodovar.com\/\"},{\"@type\":\"ListItem\",\"position\":2,\"name\":\"Cookie policy\"}]},{\"@type\":\"WebSite\",\"@id\":\"https:\/\/castillodealmodovar.com\/#website\",\"url\":\"https:\/\/castillodealmodovar.com\/\",\"name\":\"Castillo de Almodovar\",\"description\":\"Informaci\u00f3n y venta de entradas\",\"publisher\":{\"@id\":\"https:\/\/castillodealmodovar.com\/#organization\"},\"potentialAction\":[{\"@type\":\"SearchAction\",\"target\":{\"@type\":\"EntryPoint\",\"urlTemplate\":\"https:\/\/castillodealmodovar.com\/?s={search_term_string}\"},\"query-input\":{\"@type\":\"PropertyValueSpecification\",\"valueRequired\":true,\"valueName\":\"search_term_string\"}}],\"inLanguage\":\"fr-FR\"},{\"@type\":\"Organization\",\"@id\":\"https:\/\/castillodealmodovar.com\/#organization\",\"name\":\"Castillo de Almodovar\",\"url\":\"https:\/\/castillodealmodovar.com\/\",\"logo\":{\"@type\":\"ImageObject\",\"inLanguage\":\"fr-FR\",\"@id\":\"https:\/\/castillodealmodovar.com\/#\/schema\/logo\/image\/\",\"url\":\"https:\/\/castillodealmodovar.com\/wp-content\/uploads\/2025\/08\/logo-header-negro.png\",\"contentUrl\":\"https:\/\/castillodealmodovar.com\/wp-content\/uploads\/2025\/08\/logo-header-negro.png\",\"width\":508,\"height\":61,\"caption\":\"Castillo de Almodovar\"},\"image\":{\"@id\":\"https:\/\/castillodealmodovar.com\/#\/schema\/logo\/image\/\"}}]}<\/script>\n<!-- \/ Yoast SEO plugin. -->","yoast_head_json":{"title":"Cookie policy - Castillo de Almodovar","robots":{"index":"index","follow":"follow","max-snippet":"max-snippet:-1","max-image-preview":"max-image-preview:large","max-video-preview":"max-video-preview:-1"},"canonical":"https:\/\/castillodealmodovar.com\/fr\/cookie-policy\/","og_locale":"fr_FR","og_type":"article","og_title":"Cookie policy - Castillo de Almodovar","og_description":"Politique de confidentialit\u00e9 Mentions l\u00e9gales Conditions g\u00e9n\u00e9rales de vente Politique d&rsquo;annulation Cookies policy Que sont les cookies ? \u00a0 Ce site Web utilise des cookies et\/ou des technologies similaires qui stockent et r\u00e9cup\u00e8rent des informations lorsque vous naviguez. En g\u00e9n\u00e9ral, ces technologies peuvent servir \u00e0 diverses fins, telles que vous reconna\u00eetre en tant qu&rsquo;utilisateur, obtenir [&hellip;]","og_url":"https:\/\/castillodealmodovar.com\/fr\/cookie-policy\/","og_site_name":"Castillo de Almodovar","article_modified_time":"2026-02-09T14:05:05+00:00","twitter_card":"summary_large_image","twitter_misc":{"Dur\u00e9e de lecture estim\u00e9e":"4 minutes"},"schema":{"@context":"https:\/\/schema.org","@graph":[{"@type":"WebPage","@id":"https:\/\/castillodealmodovar.com\/fr\/cookie-policy\/","url":"https:\/\/castillodealmodovar.com\/fr\/cookie-policy\/","name":"Cookie policy - Castillo de Almodovar","isPartOf":{"@id":"https:\/\/castillodealmodovar.com\/#website"},"datePublished":"2022-04-18T07:37:44+00:00","dateModified":"2026-02-09T14:05:05+00:00","breadcrumb":{"@id":"https:\/\/castillodealmodovar.com\/fr\/cookie-policy\/#breadcrumb"},"inLanguage":"fr-FR","potentialAction":[{"@type":"ReadAction","target":["https:\/\/castillodealmodovar.com\/fr\/cookie-policy\/"]}]},{"@type":"BreadcrumbList","@id":"https:\/\/castillodealmodovar.com\/fr\/cookie-policy\/#breadcrumb","itemListElement":[{"@type":"ListItem","position":1,"name":"Portada","item":"https:\/\/castillodealmodovar.com\/"},{"@type":"ListItem","position":2,"name":"Cookie policy"}]},{"@type":"WebSite","@id":"https:\/\/castillodealmodovar.com\/#website","url":"https:\/\/castillodealmodovar.com\/","name":"Castillo de Almodovar","description":"Informaci\u00f3n y venta de entradas","publisher":{"@id":"https:\/\/castillodealmodovar.com\/#organization"},"potentialAction":[{"@type":"SearchAction","target":{"@type":"EntryPoint","urlTemplate":"https:\/\/castillodealmodovar.com\/?s={search_term_string}"},"query-input":{"@type":"PropertyValueSpecification","valueRequired":true,"valueName":"search_term_string"}}],"inLanguage":"fr-FR"},{"@type":"Organization","@id":"https:\/\/castillodealmodovar.com\/#organization","name":"Castillo de Almodovar","url":"https:\/\/castillodealmodovar.com\/","logo":{"@type":"ImageObject","inLanguage":"fr-FR","@id":"https:\/\/castillodealmodovar.com\/#\/schema\/logo\/image\/","url":"https:\/\/castillodealmodovar.com\/wp-content\/uploads\/2025\/08\/logo-header-negro.png","contentUrl":"https:\/\/castillodealmodovar.com\/wp-content\/uploads\/2025\/08\/logo-header-negro.png","width":508,"height":61,"caption":"Castillo de Almodovar"},"image":{"@id":"https:\/\/castillodealmodovar.com\/#\/schema\/logo\/image\/"}}]}},"_links":{"self":[{"href":"https:\/\/castillodealmodovar.com\/fr\/wp-json\/wp\/v2\/pages\/216733","targetHints":{"allow":["GET"]}}],"collection":[{"href":"https:\/\/castillodealmodovar.com\/fr\/wp-json\/wp\/v2\/pages"}],"about":[{"href":"https:\/\/castillodealmodovar.com\/fr\/wp-json\/wp\/v2\/types\/page"}],"author":[{"embeddable":true,"href":"https:\/\/castillodealmodovar.com\/fr\/wp-json\/wp\/v2\/users\/1"}],"replies":[{"embeddable":true,"href":"https:\/\/castillodealmodovar.com\/fr\/wp-json\/wp\/v2\/comments?post=216733"}],"version-history":[{"count":7,"href":"https:\/\/castillodealmodovar.com\/fr\/wp-json\/wp\/v2\/pages\/216733\/revisions"}],"predecessor-version":[{"id":216970,"href":"https:\/\/castillodealmodovar.com\/fr\/wp-json\/wp\/v2\/pages\/216733\/revisions\/216970"}],"wp:attachment":[{"href":"https:\/\/castillodealmodovar.com\/fr\/wp-json\/wp\/v2\/media?parent=216733"}],"curies":[{"name":"wp","href":"https:\/\/api.w.org\/{rel}","templated":true}]}}