{"id":216740,"date":"2022-03-31T08:40:52","date_gmt":"2022-03-31T06:40:52","guid":{"rendered":"https:\/\/castillodealmodovar.com\/politica-de-privacidad\/"},"modified":"2026-02-09T15:02:59","modified_gmt":"2026-02-09T14:02:59","slug":"politique-de-confidentialite","status":"publish","type":"page","link":"https:\/\/castillodealmodovar.com\/fr\/politique-de-confidentialite\/","title":{"rendered":"Politique de confidentialit\u00e9"},"content":{"rendered":"\t\t<div data-elementor-type=\"wp-page\" data-elementor-id=\"216740\" class=\"elementor elementor-216740 elementor-3\">\n\t\t\t\t<div class=\"elementor-element elementor-element-366d8b4c e-flex e-con-boxed e-con e-parent\" data-id=\"366d8b4c\" data-element_type=\"container\">\n\t\t\t\t\t<div class=\"e-con-inner\">\n\t\t<div class=\"elementor-element elementor-element-efb9624 e-con-full e-flex e-con e-child\" data-id=\"efb9624\" data-element_type=\"container\">\n\t\t\t\t<div class=\"elementor-element elementor-element-3b0b235 elementor-align-left elementor-icon-list--layout-traditional elementor-list-item-link-full_width elementor-widget elementor-widget-icon-list\" data-id=\"3b0b235\" data-element_type=\"widget\" data-widget_type=\"icon-list.default\">\n\t\t\t\t<div class=\"elementor-widget-container\">\n\t\t\t\t\t\t\t<ul class=\"elementor-icon-list-items\">\n\t\t\t\t\t\t\t<li class=\"elementor-icon-list-item\">\n\t\t\t\t\t\t\t\t\t\t\t<a href=\"https:\/\/castillodealmodovar.com\/fr\/politique-de-confidentialite\/\">\n\n\t\t\t\t\t\t\t\t\t\t\t\t<span class=\"elementor-icon-list-icon\">\n\t\t\t\t\t\t\t<svg aria-hidden=\"true\" class=\"e-font-icon-svg e-fas-circle\" viewBox=\"0 0 512 512\" xmlns=\"http:\/\/www.w3.org\/2000\/svg\"><path d=\"M256 8C119 8 8 119 8 256s111 248 248 248 248-111 248-248S393 8 256 8z\"><\/path><\/svg>\t\t\t\t\t\t<\/span>\n\t\t\t\t\t\t\t\t\t\t<span class=\"elementor-icon-list-text\">Politique de confidentialit\u00e9<\/span>\n\t\t\t\t\t\t\t\t\t\t\t<\/a>\n\t\t\t\t\t\t\t\t\t<\/li>\n\t\t\t\t\t\t\t\t<li class=\"elementor-icon-list-item\">\n\t\t\t\t\t\t\t\t\t\t\t<a href=\"https:\/\/castillodealmodovar.com\/fr\/mentions-legales\/\">\n\n\t\t\t\t\t\t\t\t\t\t\t\t<span class=\"elementor-icon-list-icon\">\n\t\t\t\t\t\t\t<svg aria-hidden=\"true\" class=\"e-font-icon-svg e-fas-circle\" viewBox=\"0 0 512 512\" xmlns=\"http:\/\/www.w3.org\/2000\/svg\"><path d=\"M256 8C119 8 8 119 8 256s111 248 248 248 248-111 248-248S393 8 256 8z\"><\/path><\/svg>\t\t\t\t\t\t<\/span>\n\t\t\t\t\t\t\t\t\t\t<span class=\"elementor-icon-list-text\"> Mentions l\u00e9gales<\/span>\n\t\t\t\t\t\t\t\t\t\t\t<\/a>\n\t\t\t\t\t\t\t\t\t<\/li>\n\t\t\t\t\t\t\t\t<li class=\"elementor-icon-list-item\">\n\t\t\t\t\t\t\t\t\t\t\t<a href=\"https:\/\/castillodealmodovar.com\/fr\/conditions-generales-de-vente\/\">\n\n\t\t\t\t\t\t\t\t\t\t\t\t<span class=\"elementor-icon-list-icon\">\n\t\t\t\t\t\t\t<svg aria-hidden=\"true\" class=\"e-font-icon-svg e-fas-circle\" viewBox=\"0 0 512 512\" xmlns=\"http:\/\/www.w3.org\/2000\/svg\"><path d=\"M256 8C119 8 8 119 8 256s111 248 248 248 248-111 248-248S393 8 256 8z\"><\/path><\/svg>\t\t\t\t\t\t<\/span>\n\t\t\t\t\t\t\t\t\t\t<span class=\"elementor-icon-list-text\">Conditions g\u00e9n\u00e9rales de vente<\/span>\n\t\t\t\t\t\t\t\t\t\t\t<\/a>\n\t\t\t\t\t\t\t\t\t<\/li>\n\t\t\t\t\t\t\t\t<li class=\"elementor-icon-list-item\">\n\t\t\t\t\t\t\t\t\t\t\t<a href=\"https:\/\/castillodealmodovar.com\/fr\/politique-dannulation\/\">\n\n\t\t\t\t\t\t\t\t\t\t\t\t<span class=\"elementor-icon-list-icon\">\n\t\t\t\t\t\t\t<svg aria-hidden=\"true\" class=\"e-font-icon-svg e-fas-circle\" viewBox=\"0 0 512 512\" xmlns=\"http:\/\/www.w3.org\/2000\/svg\"><path d=\"M256 8C119 8 8 119 8 256s111 248 248 248 248-111 248-248S393 8 256 8z\"><\/path><\/svg>\t\t\t\t\t\t<\/span>\n\t\t\t\t\t\t\t\t\t\t<span class=\"elementor-icon-list-text\">Politique d'annulation<\/span>\n\t\t\t\t\t\t\t\t\t\t\t<\/a>\n\t\t\t\t\t\t\t\t\t<\/li>\n\t\t\t\t\t\t\t\t<li class=\"elementor-icon-list-item\">\n\t\t\t\t\t\t\t\t\t\t\t<a href=\"https:\/\/castillodealmodovar.com\/fr\/cookie-policy\/\">\n\n\t\t\t\t\t\t\t\t\t\t\t\t<span class=\"elementor-icon-list-icon\">\n\t\t\t\t\t\t\t<svg aria-hidden=\"true\" class=\"e-font-icon-svg e-fas-circle\" viewBox=\"0 0 512 512\" xmlns=\"http:\/\/www.w3.org\/2000\/svg\"><path d=\"M256 8C119 8 8 119 8 256s111 248 248 248 248-111 248-248S393 8 256 8z\"><\/path><\/svg>\t\t\t\t\t\t<\/span>\n\t\t\t\t\t\t\t\t\t\t<span class=\"elementor-icon-list-text\">Cookies policy<\/span>\n\t\t\t\t\t\t\t\t\t\t\t<\/a>\n\t\t\t\t\t\t\t\t\t<\/li>\n\t\t\t\t\t\t<\/ul>\n\t\t\t\t\t\t<\/div>\n\t\t\t\t<\/div>\n\t\t\t\t<\/div>\n\t\t\t\t<div class=\"elementor-element elementor-element-7dddf907 elementor-widget elementor-widget-text-editor\" data-id=\"7dddf907\" data-element_type=\"widget\" data-widget_type=\"text-editor.default\">\n\t\t\t\t<div class=\"elementor-widget-container\">\n\t\t\t\t\t\t\t\t\t<p>Chez ABECERA SL, nous accordons une grande importance \u00e0 la confidentialit\u00e9 et \u00e0 la transparence. Vous trouverez ci-dessous des informations d\u00e9taill\u00e9es sur le traitement des donn\u00e9es personnelles que nous effectuons, ainsi que toutes les informations y aff\u00e9rentes.<\/p><div id=\"tratamiento-de-los-datos-de-asistentes-a-eventos\" class=\"wp-block-stackable-heading stk-block-heading stk-block-heading--v2 stk-block stk-8a63afe\" data-block-id=\"8a63afe\"><style>.stk-8a63afe .stk-block-heading__text{color:var(--theme-palette-color-2,#0A442A) !important}.stk-8a63afe .stk-block-heading__bottom-line{height:1px !important;width:100% !important;background-color:var(--theme-palette-color-2,#0A442A) !important;margin-top:20px !important<span data-mce-type=\"bookmark\" style=\"display: inline-block; width: 0px; overflow: hidden; line-height: 0;\" class=\"mce_SELRES_end\">\ufeff<\/span>}<\/style><h3 class=\"stk-block-heading__text has-text-color stk-block-heading--use-theme-margins\">Traitement des donn\u00e9es des participants aux \u00e9v\u00e9nements<\/h3><div class=\"stk-block-heading__bottom-line\">\u00a0<\/div><\/div><h3 class=\"wp-block-heading\">Informations de base sur la protection des donn\u00e9es<\/h3><p>Responsable : ABECERA SL<\/p><p>Finalit\u00e9 : g\u00e9rer les participants aux \u00e9v\u00e9nements et envoyer des invitations \u00e0 de nouveaux \u00e9v\u00e9nements.<\/p><p>L\u00e9gitimation : consentement de la personne concern\u00e9e.<\/p><p>Destinataires : aucune donn\u00e9e ne sera c\u00e9d\u00e9e \u00e0 des tiers, sauf obligation l\u00e9gale.<\/p><p>Droits : vous disposez d&rsquo;un droit d&rsquo;acc\u00e8s, de rectification et de suppression des donn\u00e9es, ainsi que d&rsquo;autres droits, indiqu\u00e9s dans les informations suppl\u00e9mentaires, que vous pouvez exercer en vous adressant \u00e0 info@preyceconsultores.com.<\/p><p>Origine : la personne concern\u00e9e elle-m\u00eame.<\/p><h3 class=\"wp-block-heading\">Informations compl\u00e8tes sur la protection des donn\u00e9es<\/h3><h4 class=\"wp-block-heading\">1. Qui est responsable du traitement de vos donn\u00e9es ?<\/h4><p>ABECERA SL.<\/p><p>B41231838.<\/p><p>C\/Canalejas, 22, 5\u00ba &#8211; 41001 &#8211; S\u00e9ville &#8211; S\u00c9VILLE<\/p><p>T\u00e9l. : 957634055<\/p><p>E-mail : castillo@castillodealmodovar.com<\/p><h4 class=\"wp-block-heading\">2. \u00c0 quelles fins traitons-nous vos donn\u00e9es personnelles ?<\/h4><p>Chez ABECERA SL, nous traitons les informations fournies par les personnes int\u00e9ress\u00e9es afin d&rsquo;organiser et de g\u00e9rer les participants aux \u00e9v\u00e9nements, ainsi que d&rsquo;envoyer des invitations \u00e0 de nouveaux \u00e9v\u00e9nements organis\u00e9s, y compris par voie \u00e9lectronique. Si vous ne fournissez pas vos donn\u00e9es personnelles, nous ne serons pas en mesure de remplir les fonctions d\u00e9crites ci-dessus.<\/p><p>Aucune d\u00e9cision automatis\u00e9e ne sera prise sur la base des donn\u00e9es fournies.<\/p><h4 class=\"wp-block-heading\">3. Combien de temps conserverons-nous vos donn\u00e9es ?<\/h4><p>Les donn\u00e9es seront conserv\u00e9es tant que la personne concern\u00e9e n&rsquo;en demandera pas la suppression.<\/p><h4 class=\"wp-block-heading\">4. Quelle est la l\u00e9gitimit\u00e9 du traitement de vos donn\u00e9es ?<\/h4><p>Nous vous indiquons la base l\u00e9gale pour le traitement de vos donn\u00e9es :<\/p><ul><li>Consentement de la personne concern\u00e9e : organiser et g\u00e9rer les participants aux \u00e9v\u00e9nements et envoyer des invitations \u00e0 de nouveaux \u00e9v\u00e9nements organis\u00e9s, y compris par voie \u00e9lectronique.<\/li><\/ul><h4 class=\"wp-block-heading\">5. \u00c0 quels destinataires vos donn\u00e9es seront-elles communiqu\u00e9es ?<\/h4><p>Aucune donn\u00e9e ne sera transmise \u00e0 des tiers, sauf obligation l\u00e9gale.<\/p><h4 class=\"wp-block-heading\">6. Transferts de donn\u00e9es vers des pays tiers<\/h4><p>Aucun transfert de donn\u00e9es vers des pays tiers n&rsquo;est pr\u00e9vu.<\/p><h4 class=\"wp-block-heading\">7. Quels sont vos droits lorsque vous nous fournissez vos donn\u00e9es ?<\/h4><p>Toute personne a le droit d&rsquo;obtenir la confirmation que ABECERA SL traite ou non des donn\u00e9es \u00e0 caract\u00e8re personnel la concernant.<\/p><p>Les personnes concern\u00e9es ont le droit d&rsquo;acc\u00e9der \u00e0 leurs donn\u00e9es personnelles, ainsi que de demander la rectification des donn\u00e9es inexactes ou, le cas \u00e9ch\u00e9ant, de demander leur suppression lorsque, entre autres raisons, les donn\u00e9es ne sont plus n\u00e9cessaires aux fins pour lesquelles elles ont \u00e9t\u00e9 collect\u00e9es. Elles ont \u00e9galement droit \u00e0 la portabilit\u00e9 de leurs donn\u00e9es.<\/p><p>Dans certaines circonstances, les personnes concern\u00e9es peuvent demander la limitation du traitement de leurs donn\u00e9es, auquel cas nous ne les conserverons que pour l&rsquo;exercice ou la d\u00e9fense de droits.<\/p><p>Dans certaines circonstances et pour des raisons li\u00e9es \u00e0 leur situation particuli\u00e8re, les personnes concern\u00e9es peuvent s&rsquo;opposer au traitement de leurs donn\u00e9es. Dans ce cas, ABECERA SL cessera de traiter les donn\u00e9es, sauf pour des raisons l\u00e9gitimes imp\u00e9rieuses, ou pour l&rsquo;exercice ou la d\u00e9fense d&rsquo;\u00e9ventuels droits.<\/p><p>Vous pouvez exercer vos droits de la mani\u00e8re suivante : en vous adressant \u00e0 info@preyceconsultores.com<\/p><p>Lorsque l&rsquo;envoi de communications commerciales est effectu\u00e9 sur la base juridique de l&rsquo;int\u00e9r\u00eat l\u00e9gitime du responsable, la personne concern\u00e9e peut s&rsquo;opposer au traitement de ses donn\u00e9es \u00e0 cette fin.<\/p><p>Si vous avez donn\u00e9 votre consentement \u00e0 une fin particuli\u00e8re, vous avez le droit de retirer votre consentement \u00e0 tout moment, sans que cela n&rsquo;affecte la lic\u00e9it\u00e9 du traitement fond\u00e9 sur le consentement pr\u00e9alable \u00e0 son retrait.<\/p><p>Si vous estimez que vos droits en mati\u00e8re de protection de vos donn\u00e9es personnelles ont \u00e9t\u00e9 viol\u00e9s, en particulier lorsque vous n&rsquo;avez pas obtenu satisfaction dans l&rsquo;exercice de vos droits, vous pouvez d\u00e9poser une r\u00e9clamation aupr\u00e8s de l&rsquo;autorit\u00e9 de contr\u00f4le comp\u00e9tente en mati\u00e8re de protection des donn\u00e9es via son site web : www.aepd.es.<\/p><h4 class=\"wp-block-heading\">8. Comment avons-nous obtenu vos donn\u00e9es ?<\/h4><p>Les donn\u00e9es personnelles que nous traitons chez ABECERA SL proviennent : De la personne concern\u00e9e elle-m\u00eame.<\/p><div id=\"tratamiento-de-los-datos-de-candidatos-a-un-puesto-de-trabajo\" class=\"wp-block-stackable-heading stk-block-heading stk-block-heading--v2 stk-block stk-9b5f53e\" data-block-id=\"9b5f53e\"><style>.stk-9b5f53e .stk-block-heading__text{color:var(--theme-palette-color-2,#0A442A) !important}.stk-9b5f53e .stk-block-heading__bottom-line{height:1px !important;width:100% !important;background-color:var(--theme-palette-color-2,#0A442A) !important;margin-top:20px !important}<\/style><\/div>\t\t\t\t\t\t\t\t<\/div>\n\t\t\t\t<\/div>\n\t\t\t\t\t<\/div>\n\t\t\t\t<\/div>\n\t\t\t\t<\/div>\n\t\t","protected":false},"excerpt":{"rendered":"<p>Politique de confidentialit\u00e9 Mentions l\u00e9gales Conditions g\u00e9n\u00e9rales de vente Politique d&rsquo;annulation Cookies policy Chez ABECERA SL, nous accordons une grande importance \u00e0 la confidentialit\u00e9 et \u00e0 la transparence. Vous trouverez ci-dessous des informations d\u00e9taill\u00e9es sur le traitement des donn\u00e9es personnelles que nous effectuons, ainsi que toutes les informations y aff\u00e9rentes. Traitement des donn\u00e9es des participants [&hellip;]<\/p>\n","protected":false},"author":1,"featured_media":0,"parent":0,"menu_order":0,"comment_status":"closed","ping_status":"closed","template":"","meta":{"_acf_changed":false,"_mc_calendar":[],"footnotes":""},"class_list":["post-216740","page","type-page","status-publish","hentry"],"blocksy_meta":{"styles_descriptor":{"styles":{"desktop":"","tablet":"","mobile":""},"google_fonts":[],"version":6}},"acf":[],"yoast_head":"<!-- This site is optimized with the Yoast SEO plugin v27.0 - https:\/\/yoast.com\/product\/yoast-seo-wordpress\/ -->\n<title>Politique de confidentialit\u00e9 - Castillo de Almodovar<\/title>\n<meta name=\"robots\" content=\"index, follow, max-snippet:-1, max-image-preview:large, max-video-preview:-1\" \/>\n<link rel=\"canonical\" href=\"https:\/\/castillodealmodovar.com\/fr\/politique-de-confidentialite\/\" \/>\n<meta property=\"og:locale\" content=\"fr_FR\" \/>\n<meta property=\"og:type\" content=\"article\" \/>\n<meta property=\"og:title\" content=\"Politique de confidentialit\u00e9 - Castillo de Almodovar\" \/>\n<meta property=\"og:description\" content=\"Politique de confidentialit\u00e9 Mentions l\u00e9gales Conditions g\u00e9n\u00e9rales de vente Politique d&rsquo;annulation Cookies policy Chez ABECERA SL, nous accordons une grande importance \u00e0 la confidentialit\u00e9 et \u00e0 la transparence. Vous trouverez ci-dessous des informations d\u00e9taill\u00e9es sur le traitement des donn\u00e9es personnelles que nous effectuons, ainsi que toutes les informations y aff\u00e9rentes. Traitement des donn\u00e9es des participants [&hellip;]\" \/>\n<meta property=\"og:url\" content=\"https:\/\/castillodealmodovar.com\/fr\/politique-de-confidentialite\/\" \/>\n<meta property=\"og:site_name\" content=\"Castillo de Almodovar\" \/>\n<meta property=\"article:modified_time\" content=\"2026-02-09T14:02:59+00:00\" \/>\n<meta name=\"twitter:card\" content=\"summary_large_image\" \/>\n<meta name=\"twitter:label1\" content=\"Dur\u00e9e de lecture estim\u00e9e\" \/>\n\t<meta name=\"twitter:data1\" content=\"4 minutes\" \/>\n<script type=\"application\/ld+json\" class=\"yoast-schema-graph\">{\"@context\":\"https:\/\/schema.org\",\"@graph\":[{\"@type\":\"WebPage\",\"@id\":\"https:\/\/castillodealmodovar.com\/fr\/politique-de-confidentialite\/\",\"url\":\"https:\/\/castillodealmodovar.com\/fr\/politique-de-confidentialite\/\",\"name\":\"Politique de confidentialit\u00e9 - Castillo de Almodovar\",\"isPartOf\":{\"@id\":\"https:\/\/castillodealmodovar.com\/#website\"},\"datePublished\":\"2022-03-31T06:40:52+00:00\",\"dateModified\":\"2026-02-09T14:02:59+00:00\",\"breadcrumb\":{\"@id\":\"https:\/\/castillodealmodovar.com\/fr\/politique-de-confidentialite\/#breadcrumb\"},\"inLanguage\":\"fr-FR\",\"potentialAction\":[{\"@type\":\"ReadAction\",\"target\":[\"https:\/\/castillodealmodovar.com\/fr\/politique-de-confidentialite\/\"]}]},{\"@type\":\"BreadcrumbList\",\"@id\":\"https:\/\/castillodealmodovar.com\/fr\/politique-de-confidentialite\/#breadcrumb\",\"itemListElement\":[{\"@type\":\"ListItem\",\"position\":1,\"name\":\"Portada\",\"item\":\"https:\/\/castillodealmodovar.com\/\"},{\"@type\":\"ListItem\",\"position\":2,\"name\":\"Politique de confidentialit\u00e9\"}]},{\"@type\":\"WebSite\",\"@id\":\"https:\/\/castillodealmodovar.com\/#website\",\"url\":\"https:\/\/castillodealmodovar.com\/\",\"name\":\"Castillo de Almodovar\",\"description\":\"Informaci\u00f3n y venta de entradas\",\"publisher\":{\"@id\":\"https:\/\/castillodealmodovar.com\/#organization\"},\"potentialAction\":[{\"@type\":\"SearchAction\",\"target\":{\"@type\":\"EntryPoint\",\"urlTemplate\":\"https:\/\/castillodealmodovar.com\/?s={search_term_string}\"},\"query-input\":{\"@type\":\"PropertyValueSpecification\",\"valueRequired\":true,\"valueName\":\"search_term_string\"}}],\"inLanguage\":\"fr-FR\"},{\"@type\":\"Organization\",\"@id\":\"https:\/\/castillodealmodovar.com\/#organization\",\"name\":\"Castillo de Almodovar\",\"url\":\"https:\/\/castillodealmodovar.com\/\",\"logo\":{\"@type\":\"ImageObject\",\"inLanguage\":\"fr-FR\",\"@id\":\"https:\/\/castillodealmodovar.com\/#\/schema\/logo\/image\/\",\"url\":\"https:\/\/castillodealmodovar.com\/wp-content\/uploads\/2025\/08\/logo-header-negro.png\",\"contentUrl\":\"https:\/\/castillodealmodovar.com\/wp-content\/uploads\/2025\/08\/logo-header-negro.png\",\"width\":508,\"height\":61,\"caption\":\"Castillo de Almodovar\"},\"image\":{\"@id\":\"https:\/\/castillodealmodovar.com\/#\/schema\/logo\/image\/\"}}]}<\/script>\n<!-- \/ Yoast SEO plugin. -->","yoast_head_json":{"title":"Politique de confidentialit\u00e9 - Castillo de Almodovar","robots":{"index":"index","follow":"follow","max-snippet":"max-snippet:-1","max-image-preview":"max-image-preview:large","max-video-preview":"max-video-preview:-1"},"canonical":"https:\/\/castillodealmodovar.com\/fr\/politique-de-confidentialite\/","og_locale":"fr_FR","og_type":"article","og_title":"Politique de confidentialit\u00e9 - Castillo de Almodovar","og_description":"Politique de confidentialit\u00e9 Mentions l\u00e9gales Conditions g\u00e9n\u00e9rales de vente Politique d&rsquo;annulation Cookies policy Chez ABECERA SL, nous accordons une grande importance \u00e0 la confidentialit\u00e9 et \u00e0 la transparence. Vous trouverez ci-dessous des informations d\u00e9taill\u00e9es sur le traitement des donn\u00e9es personnelles que nous effectuons, ainsi que toutes les informations y aff\u00e9rentes. Traitement des donn\u00e9es des participants [&hellip;]","og_url":"https:\/\/castillodealmodovar.com\/fr\/politique-de-confidentialite\/","og_site_name":"Castillo de Almodovar","article_modified_time":"2026-02-09T14:02:59+00:00","twitter_card":"summary_large_image","twitter_misc":{"Dur\u00e9e de lecture estim\u00e9e":"4 minutes"},"schema":{"@context":"https:\/\/schema.org","@graph":[{"@type":"WebPage","@id":"https:\/\/castillodealmodovar.com\/fr\/politique-de-confidentialite\/","url":"https:\/\/castillodealmodovar.com\/fr\/politique-de-confidentialite\/","name":"Politique de confidentialit\u00e9 - Castillo de Almodovar","isPartOf":{"@id":"https:\/\/castillodealmodovar.com\/#website"},"datePublished":"2022-03-31T06:40:52+00:00","dateModified":"2026-02-09T14:02:59+00:00","breadcrumb":{"@id":"https:\/\/castillodealmodovar.com\/fr\/politique-de-confidentialite\/#breadcrumb"},"inLanguage":"fr-FR","potentialAction":[{"@type":"ReadAction","target":["https:\/\/castillodealmodovar.com\/fr\/politique-de-confidentialite\/"]}]},{"@type":"BreadcrumbList","@id":"https:\/\/castillodealmodovar.com\/fr\/politique-de-confidentialite\/#breadcrumb","itemListElement":[{"@type":"ListItem","position":1,"name":"Portada","item":"https:\/\/castillodealmodovar.com\/"},{"@type":"ListItem","position":2,"name":"Politique de confidentialit\u00e9"}]},{"@type":"WebSite","@id":"https:\/\/castillodealmodovar.com\/#website","url":"https:\/\/castillodealmodovar.com\/","name":"Castillo de Almodovar","description":"Informaci\u00f3n y venta de entradas","publisher":{"@id":"https:\/\/castillodealmodovar.com\/#organization"},"potentialAction":[{"@type":"SearchAction","target":{"@type":"EntryPoint","urlTemplate":"https:\/\/castillodealmodovar.com\/?s={search_term_string}"},"query-input":{"@type":"PropertyValueSpecification","valueRequired":true,"valueName":"search_term_string"}}],"inLanguage":"fr-FR"},{"@type":"Organization","@id":"https:\/\/castillodealmodovar.com\/#organization","name":"Castillo de Almodovar","url":"https:\/\/castillodealmodovar.com\/","logo":{"@type":"ImageObject","inLanguage":"fr-FR","@id":"https:\/\/castillodealmodovar.com\/#\/schema\/logo\/image\/","url":"https:\/\/castillodealmodovar.com\/wp-content\/uploads\/2025\/08\/logo-header-negro.png","contentUrl":"https:\/\/castillodealmodovar.com\/wp-content\/uploads\/2025\/08\/logo-header-negro.png","width":508,"height":61,"caption":"Castillo de Almodovar"},"image":{"@id":"https:\/\/castillodealmodovar.com\/#\/schema\/logo\/image\/"}}]}},"_links":{"self":[{"href":"https:\/\/castillodealmodovar.com\/fr\/wp-json\/wp\/v2\/pages\/216740","targetHints":{"allow":["GET"]}}],"collection":[{"href":"https:\/\/castillodealmodovar.com\/fr\/wp-json\/wp\/v2\/pages"}],"about":[{"href":"https:\/\/castillodealmodovar.com\/fr\/wp-json\/wp\/v2\/types\/page"}],"author":[{"embeddable":true,"href":"https:\/\/castillodealmodovar.com\/fr\/wp-json\/wp\/v2\/users\/1"}],"replies":[{"embeddable":true,"href":"https:\/\/castillodealmodovar.com\/fr\/wp-json\/wp\/v2\/comments?post=216740"}],"version-history":[{"count":10,"href":"https:\/\/castillodealmodovar.com\/fr\/wp-json\/wp\/v2\/pages\/216740\/revisions"}],"predecessor-version":[{"id":216955,"href":"https:\/\/castillodealmodovar.com\/fr\/wp-json\/wp\/v2\/pages\/216740\/revisions\/216955"}],"wp:attachment":[{"href":"https:\/\/castillodealmodovar.com\/fr\/wp-json\/wp\/v2\/media?parent=216740"}],"curies":[{"name":"wp","href":"https:\/\/api.w.org\/{rel}","templated":true}]}}