{"id":216746,"date":"2025-09-10T14:52:39","date_gmt":"2025-09-10T12:52:39","guid":{"rendered":"https:\/\/castillodealmodovar.com\/premios-menciones-y-galardones\/"},"modified":"2026-02-06T13:40:51","modified_gmt":"2026-02-06T12:40:51","slug":"prix-mentions-et-distinctions","status":"publish","type":"page","link":"https:\/\/castillodealmodovar.com\/fr\/prix-mentions-et-distinctions\/","title":{"rendered":"Prix, mentions et distinctions"},"content":{"rendered":"\t\t<div data-elementor-type=\"wp-page\" data-elementor-id=\"216746\" class=\"elementor elementor-216746 elementor-212286\">\n\t\t\t\t<div class=\"elementor-element elementor-element-bf05629 e-flex e-con-boxed e-con e-parent\" data-id=\"bf05629\" data-element_type=\"container\" data-settings=\"{&quot;background_background&quot;:&quot;classic&quot;}\">\n\t\t\t\t\t<div class=\"e-con-inner\">\n\t\t<div class=\"elementor-element elementor-element-1d3ca3e e-con-full e-flex e-con e-child\" data-id=\"1d3ca3e\" data-element_type=\"container\" data-settings=\"{&quot;background_background&quot;:&quot;classic&quot;}\">\n\t\t<div class=\"elementor-element elementor-element-c00985b e-con-full e-flex e-con e-child\" data-id=\"c00985b\" data-element_type=\"container\">\n\t\t\t\t<div class=\"elementor-element elementor-element-29b2ed1 elementor-widget-mobile__width-inherit elementor-widget elementor-widget-text-editor\" data-id=\"29b2ed1\" data-element_type=\"widget\" data-widget_type=\"text-editor.default\">\n\t\t\t\t<div class=\"elementor-widget-container\">\n\t\t\t\t\t\t\t\t\t<p>Prix, mentions et distinctions<\/p>\t\t\t\t\t\t\t\t<\/div>\n\t\t\t\t<\/div>\n\t\t\t\t<div class=\"elementor-element elementor-element-d097f23 elementor-widget-mobile__width-inherit elementor-widget elementor-widget-text-editor\" data-id=\"d097f23\" data-element_type=\"widget\" data-widget_type=\"text-editor.default\">\n\t\t\t\t<div class=\"elementor-widget-container\">\n\t\t\t\t\t\t\t\t\t<p>1. <strong>2008<\/strong> : Le ch\u00e2teau d&rsquo;Almod\u00f3var est s\u00e9lectionn\u00e9 comme l&rsquo;une des images qui composent le calendrier de la NASA.<br \/>2. <strong>2010<\/strong> : Magazine Hola. Cr\u00e9ations de Juana Mart\u00edn avec Arantxa del Sol<br \/>3. <strong>2017<\/strong> : Magazine Hola avec Eva Morej\u00f3n.<br \/>4. <strong>2018<\/strong> : Vanitatis avec Enrique Sol\u00eds Tello<br \/>5. <strong>2019<\/strong> : Trypadvisor travellers\u00b4 Choice Awards 2019<br \/>6. <strong>2022<\/strong> : Winner Spain 2022. Remarkable Venue Awards de la plateforme Tiqets<br \/>7. Septembre <strong>2023<\/strong> : L&rsquo;un des meilleurs ch\u00e2teaux d&rsquo;Espagne selon Hola Viajes<br \/>8. D\u00e9cembre <strong>2024<\/strong> : National Geographic. Reconna\u00eet le ch\u00e2teau d&rsquo;Almod\u00f3var comme l&rsquo;un des meilleurs ch\u00e2teaux d&rsquo;Andalousie et d&rsquo;Espagne<br \/>9. <strong>2023.<\/strong> Trypadvisor travellers\u00b4 Choice Awards 2023<br \/>10. <strong>2024<\/strong>. Trypadvisor travellers\u00b4 Choice Awards 2024<br \/>11. <strong>2025<\/strong>. Prix Mujer y Poder 2025 dans le domaine du tourisme \u00e0 Mme Roc\u00edo Ace\u00f1a<\/p>\t\t\t\t\t\t\t\t<\/div>\n\t\t\t\t<\/div>\n\t\t\t\t<div class=\"elementor-element elementor-element-2fc538f elementor-widget-mobile__width-inherit elementor-widget elementor-widget-text-editor\" data-id=\"2fc538f\" data-element_type=\"widget\" data-widget_type=\"text-editor.default\">\n\t\t\t\t<div class=\"elementor-widget-container\">\n\t\t\t\t\t\t\t\t\t<p>S\u00e9ances photo<\/p>\t\t\t\t\t\t\t\t<\/div>\n\t\t\t\t<\/div>\n\t\t\t\t<div class=\"elementor-element elementor-element-c7bf2be elementor-widget-mobile__width-inherit elementor-widget elementor-widget-text-editor\" data-id=\"c7bf2be\" data-element_type=\"widget\" data-widget_type=\"text-editor.default\">\n\t\t\t\t<div class=\"elementor-widget-container\">\n\t\t\t\t\t\t\t\t\t<p>1. <strong>2024<\/strong> Roc\u00edo Peralta. Collection 2024 Inspiration<\/p>\t\t\t\t\t\t\t\t<\/div>\n\t\t\t\t<\/div>\n\t\t\t\t<\/div>\n\t\t\t\t<\/div>\n\t\t<div class=\"elementor-element elementor-element-19dc300 e-con-full e-flex e-con e-child\" data-id=\"19dc300\" data-element_type=\"container\" data-settings=\"{&quot;background_background&quot;:&quot;classic&quot;}\">\n\t\t\t\t<div class=\"elementor-element elementor-element-4d5e5c8 elementor-widget-mobile__width-inherit elementor-widget elementor-widget-text-editor\" data-id=\"4d5e5c8\" data-element_type=\"widget\" data-widget_type=\"text-editor.default\">\n\t\t\t\t<div class=\"elementor-widget-container\">\n\t\t\t\t\t\t\t\t\t<p>Tournages, enregistrements et grands \u00e9v\u00e9nements<\/p>\t\t\t\t\t\t\t\t<\/div>\n\t\t\t\t<\/div>\n\t\t\t\t<div class=\"elementor-element elementor-element-2afe99b elementor-widget-mobile__width-inherit elementor-widget elementor-widget-text-editor\" data-id=\"2afe99b\" data-element_type=\"widget\" data-widget_type=\"text-editor.default\">\n\t\t\t\t<div class=\"elementor-widget-container\">\n\t\t\t\t\t\t\t\t\t<p>1. <strong>1964<\/strong> Dardanelles<br \/>2. <strong>1970<\/strong> Publicit\u00e9 Martini<br \/>3. <strong>2002<\/strong> Soci\u00e9t\u00e9 de production n\u00e9erlandaise Endemol Nederland Film BV. Film \u00ab Pipo \u00bb 4. 2004. Documentaire \u00ab Boabdil : le dernier roi maure \u00bb<br \/>5. <strong>2016<\/strong> Game of Thrones<br \/>6. <strong>2019<\/strong> The warrior nun<br \/>7. <strong>2019<\/strong> Publicit\u00e9 pour la pr\u00e9sentation au Super Bowl de la bi\u00e8re Budweiser \u00ab Bud light \u00bb<br \/>8.<strong> 2022<\/strong> Streaming de la finale et d\u00e9but de la saison de Fortnite 9. 2024 : C\u00e9l\u00e9bration de la finale Wololo : El Reinado (Red Bull pour Age of Empire)<\/p>\t\t\t\t\t\t\t\t<\/div>\n\t\t\t\t<\/div>\n\t\t\t\t<\/div>\n\t\t\t\t\t<\/div>\n\t\t\t\t<\/div>\n\t\t<div class=\"elementor-element elementor-element-f39009e e-flex e-con-boxed e-con e-parent\" data-id=\"f39009e\" data-element_type=\"container\" data-settings=\"{&quot;background_background&quot;:&quot;classic&quot;}\">\n\t\t\t\t\t<div class=\"e-con-inner\">\n\t\t\t\t<div class=\"elementor-element elementor-element-cc0cf9d elementor-widget__width-inherit elementor-widget-mobile__width-inherit elementor-widget elementor-widget-text-editor\" data-id=\"cc0cf9d\" data-element_type=\"widget\" data-widget_type=\"text-editor.default\">\n\t\t\t\t<div class=\"elementor-widget-container\">\n\t\t\t\t\t\t\t\t\t<p>Vous avez des questions ?<\/p>\t\t\t\t\t\t\t\t<\/div>\n\t\t\t\t<\/div>\n\t\t\t\t<div class=\"elementor-element elementor-element-c6c64df elementor-widget__width-initial elementor-widget-mobile__width-inherit elementor-widget elementor-widget-text-editor\" data-id=\"c6c64df\" data-element_type=\"widget\" data-widget_type=\"text-editor.default\">\n\t\t\t\t<div class=\"elementor-widget-container\">\n\t\t\t\t\t\t\t\t\t<p>Contactez-nous pour toute question concernant l&rsquo;une de nos activit\u00e9s.<\/p>\t\t\t\t\t\t\t\t<\/div>\n\t\t\t\t<\/div>\n\t\t\t\t<div class=\"elementor-element elementor-element-51e8ceb elementor-widget__width-initial elementor-widget-mobile__width-inherit elementor-widget elementor-widget-shortcode\" data-id=\"51e8ceb\" data-element_type=\"widget\" data-widget_type=\"shortcode.default\">\n\t\t\t\t<div class=\"elementor-widget-container\">\n\t\t\t\t\t\t\t<div class=\"elementor-shortcode\"><div class=\"forminator-ui forminator-custom-form forminator-custom-form-216461 forminator-design--material  forminator_ajax\" data-forminator-render=\"0\" data-form=\"forminator-module-216461\" data-uid=\"69d83779030c3\"><br\/><\/div><form\n\t\t\t\tid=\"forminator-module-216461\"\n\t\t\t\tclass=\"forminator-ui forminator-custom-form forminator-custom-form-216461 forminator-design--material  forminator_ajax\"\n\t\t\t\tmethod=\"post\"\n\t\t\t\tdata-forminator-render=\"0\"\n\t\t\t\tdata-form-id=\"216461\"\n\t\t\t\t data-color-option=\"theme\" data-design=\"material\" data-grid=\"open\" style=\"display: none;\"\n\t\t\t\tdata-uid=\"69d83779030c3\"\n\t\t\t><div role=\"alert\" aria-live=\"polite\" class=\"forminator-response-message forminator-error\" aria-hidden=\"true\"><\/div><div class=\"forminator-row\"><div id=\"name-1\" class=\"forminator-field-name forminator-col forminator-col-12 \"><div class=\"forminator-field\"><input type=\"text\" name=\"name-1\" value=\"\" placeholder=\"Nom complet\" id=\"forminator-field-name-1_69d83779030c3\" class=\"forminator-input forminator-name--field\" aria-required=\"true\" autocomplete=\"name\" \/><\/div><\/div><\/div><div class=\"forminator-row\"><div id=\"email-1\" class=\"forminator-field-email forminator-col forminator-col-6 \"><div class=\"forminator-field\"><input type=\"email\" name=\"email-1\" value=\"\" placeholder=\"Email\" id=\"forminator-field-email-1_69d83779030c3\" class=\"forminator-input forminator-email--field\" data-required=\"1\" aria-required=\"true\" autocomplete=\"email\" \/><\/div><\/div><div id=\"phone-1\" class=\"forminator-field-phone forminator-col forminator-col-6 \"><div class=\"forminator-field\"><input type=\"text\" name=\"phone-1\" value=\"\" placeholder=\"T\u00e9l\u00e9phone\" id=\"forminator-field-phone-1_69d83779030c3\" class=\"forminator-input forminator-field--phone\" data-required=\"1\" aria-required=\"true\" autocomplete=\"off\" \/><\/div><\/div><\/div><div class=\"forminator-row\"><div id=\"textarea-1\" class=\"forminator-field-textarea forminator-col forminator-col-12 \"><div class=\"forminator-field\"><textarea name=\"textarea-1\" placeholder=\"Message\" id=\"forminator-field-textarea-1_69d83779030c3\" class=\"forminator-textarea\" rows=\"6\" style=\"min-height:140px;\" ><\/textarea><\/div><\/div><\/div><div class=\"forminator-row\"><div id=\"captcha-1\" class=\"forminator-field-captcha forminator-col forminator-col-12 \"><div class=\"forminator-captcha-left forminator-g-recaptcha\" data-theme=\"light\"  data-sitekey=\"6Leqq_sqAAAAAKa29C34nt9rT09hx5tZX_kvOCux\" data-size=\"normal\"><\/div> <\/div><\/div><div class=\"forminator-row\"><div id=\"consent-1\" class=\"forminator-field-consent forminator-col forminator-col-12 \"><div class=\"forminator-field\"><div class=\"forminator-checkbox__wrapper\"><label id=\"forminator-field-consent-1_69d83779030c3__label\" class=\"forminator-checkbox forminator-consent\" aria-labelledby=\"forminator-field-consent-1_69d83779030c3-label\"><input type=\"checkbox\" name=\"consent-1\" id=\"forminator-field-consent-1_69d83779030c3\" value=\"checked\" aria-labelledby=\"forminator-field-consent-1_69d83779030c3-label\" aria-describedby=\"forminator-field-consent-1_69d83779030c3__description\" data-required=\"true\" aria-required=\"true\" \/><span class=\"forminator-checkbox-box\" aria-hidden=\"true\"><\/span><\/label><div id=\"forminator-field-consent-1_69d83779030c3__description\" class=\"forminator-checkbox__label forminator-consent__label\"><div class=\"n4sEPd\">&nbsp;<\/div>\n<div class=\"QcsUad BDJ8fb sMVRZe hCXDsb wneUed\">\n<div class=\"usGWQd\">\n<div class=\"KkbLmb\">\n<div dir=\"ltr\">Oui, j'accepte la politique de confidentialit\u00e9 et les conditions g\u00e9n\u00e9rales.<\/div>\n<\/div>\n<\/div>\n<\/div><\/div><\/div><\/div><\/div><\/div><input type=\"hidden\" name=\"referer_url\" value=\"\" \/><div class=\"forminator-row forminator-row-last\"><div class=\"forminator-col\"><div class=\"forminator-field\"><button class=\"forminator-button forminator-button-submit\"><span>Envoyer<\/span><span aria-hidden=\"true\"><\/span><\/button><\/div><\/div><\/div><input type=\"hidden\" id=\"forminator_nonce\" name=\"forminator_nonce\" value=\"c06d5c42b5\" \/><input type=\"hidden\" name=\"_wp_http_referer\" value=\"\/fr\/wp-json\/wp\/v2\/pages\/216746\" \/><input type=\"hidden\" name=\"form_id\" value=\"216461\"><input type=\"hidden\" name=\"page_id\" value=\"216746\"><input type=\"hidden\" name=\"form_type\" value=\"default\"><input type=\"hidden\" name=\"current_url\" value=\"https:\/\/castillodealmodovar.com\/fr\/prix-mentions-et-distinctions\/\"><input type=\"hidden\" name=\"render_id\" value=\"0\"><input type=\"hidden\" name=\"action\" value=\"forminator_submit_form_custom-forms\"><\/form><\/div>\n\t\t\t\t\t\t<\/div>\n\t\t\t\t<\/div>\n\t\t\t\t\t<\/div>\n\t\t\t\t<\/div>\n\t\t\t\t<\/div>\n\t\t","protected":false},"excerpt":{"rendered":"<p>Prix, mentions et distinctions 1. 2008 : Le ch\u00e2teau d&rsquo;Almod\u00f3var est s\u00e9lectionn\u00e9 comme l&rsquo;une des images qui composent le calendrier de la NASA.2. 2010 : Magazine Hola. Cr\u00e9ations de Juana Mart\u00edn avec Arantxa del Sol3. 2017 : Magazine Hola avec Eva Morej\u00f3n.4. 2018 : Vanitatis avec Enrique Sol\u00eds Tello5. 2019 : Trypadvisor travellers\u00b4 Choice Awards [&hellip;]<\/p>\n","protected":false},"author":1651,"featured_media":0,"parent":0,"menu_order":0,"comment_status":"closed","ping_status":"closed","template":"","meta":{"_acf_changed":false,"_mc_calendar":[],"footnotes":""},"class_list":["post-216746","page","type-page","status-publish","hentry"],"blocksy_meta":[],"acf":[],"yoast_head":"<!-- This site is optimized with the Yoast SEO plugin v27.0 - https:\/\/yoast.com\/product\/yoast-seo-wordpress\/ -->\n<title>Prix, mentions et distinctions - Castillo de Almodovar<\/title>\n<meta name=\"robots\" content=\"index, follow, max-snippet:-1, max-image-preview:large, max-video-preview:-1\" \/>\n<link rel=\"canonical\" href=\"https:\/\/castillodealmodovar.com\/fr\/prix-mentions-et-distinctions\/\" \/>\n<meta property=\"og:locale\" content=\"fr_FR\" \/>\n<meta property=\"og:type\" content=\"article\" \/>\n<meta property=\"og:title\" content=\"Prix, mentions et distinctions - Castillo de Almodovar\" \/>\n<meta property=\"og:description\" content=\"Prix, mentions et distinctions 1. 2008 : Le ch\u00e2teau d&rsquo;Almod\u00f3var est s\u00e9lectionn\u00e9 comme l&rsquo;une des images qui composent le calendrier de la NASA.2. 2010 : Magazine Hola. Cr\u00e9ations de Juana Mart\u00edn avec Arantxa del Sol3. 2017 : Magazine Hola avec Eva Morej\u00f3n.4. 2018 : Vanitatis avec Enrique Sol\u00eds Tello5. 2019 : Trypadvisor travellers\u00b4 Choice Awards [&hellip;]\" \/>\n<meta property=\"og:url\" content=\"https:\/\/castillodealmodovar.com\/fr\/prix-mentions-et-distinctions\/\" \/>\n<meta property=\"og:site_name\" content=\"Castillo de Almodovar\" \/>\n<meta property=\"article:modified_time\" content=\"2026-02-06T12:40:51+00:00\" \/>\n<meta name=\"twitter:card\" content=\"summary_large_image\" \/>\n<meta name=\"twitter:label1\" content=\"Dur\u00e9e de lecture estim\u00e9e\" \/>\n\t<meta name=\"twitter:data1\" content=\"2 minutes\" \/>\n<script type=\"application\/ld+json\" class=\"yoast-schema-graph\">{\"@context\":\"https:\/\/schema.org\",\"@graph\":[{\"@type\":\"WebPage\",\"@id\":\"https:\/\/castillodealmodovar.com\/fr\/prix-mentions-et-distinctions\/\",\"url\":\"https:\/\/castillodealmodovar.com\/fr\/prix-mentions-et-distinctions\/\",\"name\":\"Prix, mentions et distinctions - Castillo de Almodovar\",\"isPartOf\":{\"@id\":\"https:\/\/castillodealmodovar.com\/#website\"},\"datePublished\":\"2025-09-10T12:52:39+00:00\",\"dateModified\":\"2026-02-06T12:40:51+00:00\",\"breadcrumb\":{\"@id\":\"https:\/\/castillodealmodovar.com\/fr\/prix-mentions-et-distinctions\/#breadcrumb\"},\"inLanguage\":\"fr-FR\",\"potentialAction\":[{\"@type\":\"ReadAction\",\"target\":[\"https:\/\/castillodealmodovar.com\/fr\/prix-mentions-et-distinctions\/\"]}]},{\"@type\":\"BreadcrumbList\",\"@id\":\"https:\/\/castillodealmodovar.com\/fr\/prix-mentions-et-distinctions\/#breadcrumb\",\"itemListElement\":[{\"@type\":\"ListItem\",\"position\":1,\"name\":\"Portada\",\"item\":\"https:\/\/castillodealmodovar.com\/\"},{\"@type\":\"ListItem\",\"position\":2,\"name\":\"Prix, mentions et distinctions\"}]},{\"@type\":\"WebSite\",\"@id\":\"https:\/\/castillodealmodovar.com\/#website\",\"url\":\"https:\/\/castillodealmodovar.com\/\",\"name\":\"Castillo de Almodovar\",\"description\":\"Informaci\u00f3n y venta de entradas\",\"publisher\":{\"@id\":\"https:\/\/castillodealmodovar.com\/#organization\"},\"potentialAction\":[{\"@type\":\"SearchAction\",\"target\":{\"@type\":\"EntryPoint\",\"urlTemplate\":\"https:\/\/castillodealmodovar.com\/?s={search_term_string}\"},\"query-input\":{\"@type\":\"PropertyValueSpecification\",\"valueRequired\":true,\"valueName\":\"search_term_string\"}}],\"inLanguage\":\"fr-FR\"},{\"@type\":\"Organization\",\"@id\":\"https:\/\/castillodealmodovar.com\/#organization\",\"name\":\"Castillo de Almodovar\",\"url\":\"https:\/\/castillodealmodovar.com\/\",\"logo\":{\"@type\":\"ImageObject\",\"inLanguage\":\"fr-FR\",\"@id\":\"https:\/\/castillodealmodovar.com\/#\/schema\/logo\/image\/\",\"url\":\"https:\/\/castillodealmodovar.com\/wp-content\/uploads\/2025\/08\/logo-header-negro.png\",\"contentUrl\":\"https:\/\/castillodealmodovar.com\/wp-content\/uploads\/2025\/08\/logo-header-negro.png\",\"width\":508,\"height\":61,\"caption\":\"Castillo de Almodovar\"},\"image\":{\"@id\":\"https:\/\/castillodealmodovar.com\/#\/schema\/logo\/image\/\"}}]}<\/script>\n<!-- \/ Yoast SEO plugin. -->","yoast_head_json":{"title":"Prix, mentions et distinctions - Castillo de Almodovar","robots":{"index":"index","follow":"follow","max-snippet":"max-snippet:-1","max-image-preview":"max-image-preview:large","max-video-preview":"max-video-preview:-1"},"canonical":"https:\/\/castillodealmodovar.com\/fr\/prix-mentions-et-distinctions\/","og_locale":"fr_FR","og_type":"article","og_title":"Prix, mentions et distinctions - Castillo de Almodovar","og_description":"Prix, mentions et distinctions 1. 2008 : Le ch\u00e2teau d&rsquo;Almod\u00f3var est s\u00e9lectionn\u00e9 comme l&rsquo;une des images qui composent le calendrier de la NASA.2. 2010 : Magazine Hola. Cr\u00e9ations de Juana Mart\u00edn avec Arantxa del Sol3. 2017 : Magazine Hola avec Eva Morej\u00f3n.4. 2018 : Vanitatis avec Enrique Sol\u00eds Tello5. 2019 : Trypadvisor travellers\u00b4 Choice Awards [&hellip;]","og_url":"https:\/\/castillodealmodovar.com\/fr\/prix-mentions-et-distinctions\/","og_site_name":"Castillo de Almodovar","article_modified_time":"2026-02-06T12:40:51+00:00","twitter_card":"summary_large_image","twitter_misc":{"Dur\u00e9e de lecture estim\u00e9e":"2 minutes"},"schema":{"@context":"https:\/\/schema.org","@graph":[{"@type":"WebPage","@id":"https:\/\/castillodealmodovar.com\/fr\/prix-mentions-et-distinctions\/","url":"https:\/\/castillodealmodovar.com\/fr\/prix-mentions-et-distinctions\/","name":"Prix, mentions et distinctions - Castillo de Almodovar","isPartOf":{"@id":"https:\/\/castillodealmodovar.com\/#website"},"datePublished":"2025-09-10T12:52:39+00:00","dateModified":"2026-02-06T12:40:51+00:00","breadcrumb":{"@id":"https:\/\/castillodealmodovar.com\/fr\/prix-mentions-et-distinctions\/#breadcrumb"},"inLanguage":"fr-FR","potentialAction":[{"@type":"ReadAction","target":["https:\/\/castillodealmodovar.com\/fr\/prix-mentions-et-distinctions\/"]}]},{"@type":"BreadcrumbList","@id":"https:\/\/castillodealmodovar.com\/fr\/prix-mentions-et-distinctions\/#breadcrumb","itemListElement":[{"@type":"ListItem","position":1,"name":"Portada","item":"https:\/\/castillodealmodovar.com\/"},{"@type":"ListItem","position":2,"name":"Prix, mentions et distinctions"}]},{"@type":"WebSite","@id":"https:\/\/castillodealmodovar.com\/#website","url":"https:\/\/castillodealmodovar.com\/","name":"Castillo de Almodovar","description":"Informaci\u00f3n y venta de entradas","publisher":{"@id":"https:\/\/castillodealmodovar.com\/#organization"},"potentialAction":[{"@type":"SearchAction","target":{"@type":"EntryPoint","urlTemplate":"https:\/\/castillodealmodovar.com\/?s={search_term_string}"},"query-input":{"@type":"PropertyValueSpecification","valueRequired":true,"valueName":"search_term_string"}}],"inLanguage":"fr-FR"},{"@type":"Organization","@id":"https:\/\/castillodealmodovar.com\/#organization","name":"Castillo de Almodovar","url":"https:\/\/castillodealmodovar.com\/","logo":{"@type":"ImageObject","inLanguage":"fr-FR","@id":"https:\/\/castillodealmodovar.com\/#\/schema\/logo\/image\/","url":"https:\/\/castillodealmodovar.com\/wp-content\/uploads\/2025\/08\/logo-header-negro.png","contentUrl":"https:\/\/castillodealmodovar.com\/wp-content\/uploads\/2025\/08\/logo-header-negro.png","width":508,"height":61,"caption":"Castillo de Almodovar"},"image":{"@id":"https:\/\/castillodealmodovar.com\/#\/schema\/logo\/image\/"}}]}},"_links":{"self":[{"href":"https:\/\/castillodealmodovar.com\/fr\/wp-json\/wp\/v2\/pages\/216746","targetHints":{"allow":["GET"]}}],"collection":[{"href":"https:\/\/castillodealmodovar.com\/fr\/wp-json\/wp\/v2\/pages"}],"about":[{"href":"https:\/\/castillodealmodovar.com\/fr\/wp-json\/wp\/v2\/types\/page"}],"author":[{"embeddable":true,"href":"https:\/\/castillodealmodovar.com\/fr\/wp-json\/wp\/v2\/users\/1651"}],"replies":[{"embeddable":true,"href":"https:\/\/castillodealmodovar.com\/fr\/wp-json\/wp\/v2\/comments?post=216746"}],"version-history":[{"count":7,"href":"https:\/\/castillodealmodovar.com\/fr\/wp-json\/wp\/v2\/pages\/216746\/revisions"}],"predecessor-version":[{"id":216754,"href":"https:\/\/castillodealmodovar.com\/fr\/wp-json\/wp\/v2\/pages\/216746\/revisions\/216754"}],"wp:attachment":[{"href":"https:\/\/castillodealmodovar.com\/fr\/wp-json\/wp\/v2\/media?parent=216746"}],"curies":[{"name":"wp","href":"https:\/\/api.w.org\/{rel}","templated":true}]}}